{"id":1749,"date":"2020-06-11T13:42:26","date_gmt":"2020-06-11T13:42:26","guid":{"rendered":"https:\/\/nucleo-lc.org\/?page_id=1749"},"modified":"2022-07-11T20:28:04","modified_gmt":"2022-07-11T20:28:04","slug":"quimerotropo","status":"publish","type":"page","link":"https:\/\/nucleo-lc.org\/en\/quimerotropo\/","title":{"rendered":"QUIMEROTROPO"},"content":{"rendered":"<div class=\"wpb-content-wrapper\"><section class=\"l-section wpb_row us_custom_445b4a37 centrar height_medium width_full\"><div class=\"l-section-h i-cf\"><div class=\"g-cols vc_row via_flex valign_top type_default stacking_default\"><div class=\"vc_col-sm-12 wpb_column vc_column_container\"><div class=\"vc_column-inner us_custom_6e59d6f4\"><div class=\"wpb_wrapper\"><section class=\"l-section wpb_row us_custom_821ea863 centrar height_medium width_full\"><div class=\"l-section-h i-cf\"><div class=\"g-cols vc_row via_flex valign_top type_default stacking_default\"><div class=\"vc_col-sm-12 wpb_column vc_column_container\"><div class=\"vc_column-inner us_custom_6e59d6f4\"><div class=\"wpb_wrapper\"><p class=\"w-post-elm post_title us_custom_3516b961 has_text_color entry-title color_link_inherit\">QUIMEROTROPO<\/p><\/div><\/div><\/div><\/div><\/div><\/section>\n<\/div><\/div><\/div><\/div><\/div><\/section><section class=\"l-section wpb_row us_custom_1629c3a5 centrar height_medium width_full\"><div class=\"l-section-h i-cf\"><div class=\"g-cols vc_row via_flex valign_top type_default stacking_default\"><div class=\"vc_col-sm-12 wpb_column vc_column_container\"><div class=\"vc_column-inner us_custom_6e59d6f4\"><div class=\"wpb_wrapper\"><div class=\"w-separator size_medium\"><\/div><div class=\"wpb_text_column us_custom_19143edb\"><div class=\"wpb_wrapper\"><p>\u00bfQu\u00e9 formatos concretos de intervenci\u00f3n espacial y cultural, pueden tomar los cruces entre arquitectura, construcci\u00f3n, dise\u00f1o y animaci\u00f3n digital, posibles de implementar en el proyecto acad\u00e9mico de la facultad?, y de paso, \u00bfc\u00f3mo activar un espacio desde un trabajo colectivo con sus habitantes?<\/p>\n<p>QUIMEROTROPO es una intervenci\u00f3n multimedia y multidisciplinaria que acompa\u00f1\u00f3 la reapertura del ascensor Polanco en el 2017, inaugurando al mismo tiempo, los proyectos del N\u00facleo Lenguaje y Creaci\u00f3n.<\/p>\n<\/div><\/div><div class=\"w-separator size_medium\"><\/div><\/div><\/div><\/div><\/div><\/div><\/section><section class=\"l-section wpb_row us_custom_e5f9337f centrar height_medium width_full\"><div class=\"l-section-h i-cf\"><div class=\"g-cols vc_row via_flex valign_top type_default stacking_default\"><div class=\"vc_col-sm-12 wpb_column vc_column_container\"><div class=\"vc_column-inner us_custom_6e59d6f4\"><div class=\"wpb_wrapper\"><section class=\"l-section wpb_row us_custom_821ea863 centrar height_medium width_full\" id=\"investigacion\"><div class=\"l-section-h i-cf\"><div class=\"g-cols vc_row via_flex valign_top type_default stacking_default\"><div class=\"vc_col-sm-12 wpb_column vc_column_container\"><div class=\"vc_column-inner us_custom_6e59d6f4\"><div class=\"wpb_wrapper\"><div class=\"wpb_text_column us_custom_3516b961 has_text_color\"><div class=\"wpb_wrapper\"><p>INVESTIGATION<\/p>\n<\/div><\/div><\/div><\/div><\/div><\/div><\/div><\/section>\n<\/div><\/div><\/div><\/div><\/div><\/section><section class=\"l-section wpb_row us_custom_2560697b height_medium width_full\"><div class=\"l-section-h i-cf\"><div class=\"g-cols vc_row via_flex valign_top type_default stacking_default\"><div class=\"vc_col-sm-12 wpb_column vc_column_container\"><div class=\"vc_column-inner\"><div class=\"wpb_wrapper\"><div class=\"w-grid type_grid layout_69 cols_5 ratio_1x1\" id=\"us_grid_1\" data-filterable=\"true\"><style>#us_grid_1 .w-grid-item{padding:1.5rem}#us_grid_1 .w-grid-list{margin:-1.5rem}.w-grid + #us_grid_1 .w-grid-list,.w-grid-none + #us_grid_1 .w-grid-list{margin-top:1.5rem}@media (max-width:1199px){#us_grid_1 .w-grid-item{width:33.3333%}#us_grid_1 .w-grid-item.size_2x1,#us_grid_1 .w-grid-item.size_2x2{width:66.6667%}}@media (max-width:899px){#us_grid_1 .w-grid-item{width:50%}#us_grid_1 .w-grid-item.size_2x1,#us_grid_1 .w-grid-item.size_2x2{width:100%}}@media (max-width:599px){#us_grid_1 .w-grid-list{margin:0}#us_grid_1 .w-grid-item{width:100%;padding:0;margin-bottom:1.5rem}}.layout_69 .w-grid-item-h:before{padding-bottom:100%}@media (min-width:600px){.layout_69 .w-grid-item.size_1x2 .w-grid-item-h:before{padding-bottom:calc(200% + 1.5rem + 1.5rem)}.layout_69 .w-grid-item.size_2x1 .w-grid-item-h:before{padding-bottom:calc(50% - 1.5rem * 1)}.layout_69 .w-grid-item.size_2x2 .w-grid-item-h:before{padding-bottom:calc(100% - 1.5rem * 0)}}.layout_69 .w-grid-item-h{}.layout_69 .usg_post_image_1{transition-duration:0.3s;transform-origin:50% 50%;transform:scale(1) translate(0%,0%)}.layout_69 .w-grid-item-h:hover .usg_post_image_1{transform:scale(1) translate(0%,0%);opacity:1;border-color:#e41c20!important}.layout_69 .usg_post_image_1{margin-bottom:0.5rem!important;border:4px solid rgba(0,0,0,0)!important}.layout_69 .usg_post_title_1{font-size:1rem!important}<\/style><div class=\"w-grid-list\">\t<article class=\"w-grid-item size_1x1 post-2519 post type-post status-publish format-standard has-post-thumbnail hentry category-investigacion tag-quimerotropo categoriasgenerales-investigacion\" data-id=\"2519\">\r\n\t\t<div class=\"w-grid-item-h\">\r\n\t\t\t\t\t\t<div class=\"w-post-elm post_image usg_post_image_1 stretched\"><a href=\"https:\/\/nucleo-lc.org\/en\/2020\/07\/03\/quimerotropo-grupo-toma\/\" aria-label=\"Quimerotropo \u2014 Mathias Klenner, \u00c1lvaro Daguer, Jorge Forero e Ignacio Saavedra\"><img loading=\"lazy\" decoding=\"async\" width=\"300\" height=\"300\" src=\"https:\/\/nucleo-lc.org\/wp-content\/uploads\/2020\/07\/H_IMG_4233_300.jpg\" class=\"attachment-large size-large wp-post-image\" alt=\"\" srcset=\"https:\/\/nucleo-lc.org\/wp-content\/uploads\/2020\/07\/H_IMG_4233_300.jpg 300w, https:\/\/nucleo-lc.org\/wp-content\/uploads\/2020\/07\/H_IMG_4233_300-150x150.jpg 150w\" sizes=\"auto, (max-width: 300px) 100vw, 300px\" \/><\/a><\/div><h2 class=\"w-post-elm post_title usg_post_title_1 entry-title color_link_inherit\"><a href=\"https:\/\/nucleo-lc.org\/en\/2020\/07\/03\/quimerotropo-grupo-toma\/\">Quimerotropo \u2014 Mathias Klenner, \u00c1lvaro Daguer, Jorge Forero e Ignacio Saavedra<\/a><\/h2>\t\t<\/div>\r\n\t<\/article>\r\n<\/div><div class=\"w-grid-preloader\"><div class=\"g-preloader type_1\">\r\n\t<div><\/div>\r\n<\/div>\r\n<\/div>\t<div class=\"w-grid-json hidden\" onclick='return {&quot;action&quot;:&quot;us_ajax_grid&quot;,&quot;ajax_url&quot;:&quot;https:\\\/\\\/nucleo-lc.org\\\/wp-admin\\\/admin-ajax.php&quot;,&quot;infinite_scroll&quot;:0,&quot;max_num_pages&quot;:1,&quot;pagination&quot;:&quot;none&quot;,&quot;permalink_url&quot;:&quot;https:\\\/\\\/nucleo-lc.org\\\/en\\\/wp-json\\\/wp\\\/v2\\\/pages\\\/1749&quot;,&quot;template_vars&quot;:{&quot;columns&quot;:&quot;5&quot;,&quot;exclude_items&quot;:&quot;none&quot;,&quot;img_size&quot;:&quot;default&quot;,&quot;ignore_items_size&quot;:false,&quot;items_layout&quot;:&quot;69&quot;,&quot;items_offset&quot;:&quot;1&quot;,&quot;load_animation&quot;:&quot;none&quot;,&quot;overriding_link&quot;:&quot;none&quot;,&quot;post_id&quot;:1749,&quot;query_args&quot;:{&quot;post_type&quot;:[&quot;post&quot;],&quot;tax_query&quot;:[{&quot;taxonomy&quot;:&quot;category&quot;,&quot;field&quot;:&quot;slug&quot;,&quot;terms&quot;:[&quot;investigacion&quot;]},{&quot;taxonomy&quot;:&quot;post_tag&quot;,&quot;field&quot;:&quot;slug&quot;,&quot;terms&quot;:[&quot;quimerotropo&quot;]}],&quot;post_status&quot;:[&quot;publish&quot;,&quot;acf-disabled&quot;],&quot;posts_per_page&quot;:&quot;10&quot;},&quot;orderby_query_args&quot;:{&quot;orderby&quot;:{&quot;date&quot;:&quot;DESC&quot;}},&quot;type&quot;:&quot;grid&quot;,&quot;us_grid_ajax_index&quot;:1,&quot;us_grid_filter_params&quot;:null,&quot;us_grid_index&quot;:1,&quot;_us_grid_post_type&quot;:&quot;post&quot;}}'><\/div>\r\n\t<\/div><\/div><\/div><\/div><\/div><\/div><\/section><section class=\"l-section wpb_row us_custom_e5f9337f centrar height_medium width_full\"><div class=\"l-section-h i-cf\"><div class=\"g-cols vc_row via_flex valign_top type_default stacking_default\"><div class=\"vc_col-sm-12 wpb_column vc_column_container\"><div class=\"vc_column-inner us_custom_6e59d6f4\"><div class=\"wpb_wrapper\"><section class=\"l-section wpb_row us_custom_821ea863 centrar height_medium width_full\" id=\"obras\"><div class=\"l-section-h i-cf\"><div class=\"g-cols vc_row via_flex valign_top type_default stacking_default\"><div class=\"vc_col-sm-12 wpb_column vc_column_container\"><div class=\"vc_column-inner us_custom_6e59d6f4\"><div class=\"wpb_wrapper\"><div class=\"wpb_text_column us_custom_3516b961 has_text_color\"><div class=\"wpb_wrapper\"><p>OBRAS<\/p>\n<\/div><\/div><\/div><\/div><\/div><\/div><\/div><\/section>\n<\/div><\/div><\/div><\/div><\/div><\/section><section class=\"l-section wpb_row us_custom_2560697b height_medium width_full\"><div class=\"l-section-h i-cf\"><div class=\"g-cols vc_row via_flex valign_top type_default stacking_default\"><div class=\"vc_col-sm-12 wpb_column vc_column_container\"><div class=\"vc_column-inner\"><div class=\"wpb_wrapper\"><div class=\"w-grid type_grid layout_69 cols_5 ratio_1x1\" id=\"us_grid_2\"><style>#us_grid_2 .w-grid-item{padding:1.5rem}#us_grid_2 .w-grid-list{margin:-1.5rem}.w-grid + #us_grid_2 .w-grid-list,.w-grid-none + #us_grid_2 .w-grid-list{margin-top:1.5rem}@media (max-width:1199px){#us_grid_2 .w-grid-item{width:33.3333%}#us_grid_2 .w-grid-item.size_2x1,#us_grid_2 .w-grid-item.size_2x2{width:66.6667%}}@media (max-width:899px){#us_grid_2 .w-grid-item{width:50%}#us_grid_2 .w-grid-item.size_2x1,#us_grid_2 .w-grid-item.size_2x2{width:100%}}@media (max-width:599px){#us_grid_2 .w-grid-list{margin:0}#us_grid_2 .w-grid-item{width:100%;padding:0;margin-bottom:1.5rem}}<\/style><div class=\"w-grid-list\">\t<article class=\"w-grid-item size_1x1 post-2538 post type-post status-publish format-standard has-post-thumbnail hentry category-intervenciones category-obras tag-quimerotropo categoriasgenerales-obras\" data-id=\"2538\">\r\n\t\t<div class=\"w-grid-item-h\">\r\n\t\t\t\t\t\t<div class=\"w-post-elm post_image usg_post_image_1 stretched\"><a href=\"https:\/\/nucleo-lc.org\/en\/2020\/07\/03\/quimerotropo-ascensor-polanco-valdivia\/\" aria-label=\"Quimerotropo \u2014 Ascensor Polanco, Valpara\u00edso\"><img loading=\"lazy\" decoding=\"async\" width=\"600\" height=\"600\" src=\"https:\/\/nucleo-lc.org\/wp-content\/uploads\/2020\/07\/H_IMG_4235_300.jpg\" class=\"attachment-large size-large wp-post-image\" alt=\"\" srcset=\"https:\/\/nucleo-lc.org\/wp-content\/uploads\/2020\/07\/H_IMG_4235_300.jpg 600w, https:\/\/nucleo-lc.org\/wp-content\/uploads\/2020\/07\/H_IMG_4235_300-300x300.jpg 300w, https:\/\/nucleo-lc.org\/wp-content\/uploads\/2020\/07\/H_IMG_4235_300-150x150.jpg 150w\" sizes=\"auto, (max-width: 600px) 100vw, 600px\" \/><\/a><\/div><h2 class=\"w-post-elm post_title usg_post_title_1 entry-title color_link_inherit\"><a href=\"https:\/\/nucleo-lc.org\/en\/2020\/07\/03\/quimerotropo-ascensor-polanco-valdivia\/\">Quimerotropo \u2014 Ascensor Polanco, Valpara\u00edso<\/a><\/h2>\t\t<\/div>\r\n\t<\/article>\r\n<\/div><div class=\"w-grid-preloader\"><div class=\"g-preloader type_1\">\r\n\t<div><\/div>\r\n<\/div>\r\n<\/div>\t<div class=\"w-grid-json hidden\" onclick='return {&quot;action&quot;:&quot;us_ajax_grid&quot;,&quot;ajax_url&quot;:&quot;https:\\\/\\\/nucleo-lc.org\\\/wp-admin\\\/admin-ajax.php&quot;,&quot;infinite_scroll&quot;:0,&quot;max_num_pages&quot;:1,&quot;pagination&quot;:&quot;none&quot;,&quot;permalink_url&quot;:&quot;https:\\\/\\\/nucleo-lc.org\\\/en\\\/wp-json\\\/wp\\\/v2\\\/pages\\\/1749&quot;,&quot;template_vars&quot;:{&quot;columns&quot;:&quot;5&quot;,&quot;exclude_items&quot;:&quot;none&quot;,&quot;img_size&quot;:&quot;default&quot;,&quot;ignore_items_size&quot;:false,&quot;items_layout&quot;:&quot;69&quot;,&quot;items_offset&quot;:&quot;1&quot;,&quot;load_animation&quot;:&quot;none&quot;,&quot;overriding_link&quot;:&quot;none&quot;,&quot;post_id&quot;:2519,&quot;query_args&quot;:{&quot;post_type&quot;:[&quot;post&quot;],&quot;tax_query&quot;:[{&quot;taxonomy&quot;:&quot;category&quot;,&quot;field&quot;:&quot;slug&quot;,&quot;terms&quot;:[&quot;obras&quot;]},{&quot;taxonomy&quot;:&quot;post_tag&quot;,&quot;field&quot;:&quot;slug&quot;,&quot;terms&quot;:[&quot;quimerotropo&quot;]}],&quot;post_status&quot;:[&quot;publish&quot;,&quot;acf-disabled&quot;],&quot;posts_per_page&quot;:&quot;10&quot;},&quot;orderby_query_args&quot;:{&quot;orderby&quot;:{&quot;date&quot;:&quot;DESC&quot;}},&quot;type&quot;:&quot;grid&quot;,&quot;us_grid_ajax_index&quot;:1,&quot;us_grid_filter_params&quot;:null,&quot;us_grid_index&quot;:2,&quot;_us_grid_post_type&quot;:&quot;post&quot;}}'><\/div>\r\n\t<\/div><\/div><\/div><\/div><\/div><\/div><\/section><section class=\"l-section wpb_row us_custom_e5f9337f centrar height_medium width_full\"><div class=\"l-section-h i-cf\"><div class=\"g-cols vc_row via_flex valign_top type_default stacking_default\"><div class=\"vc_col-sm-12 wpb_column vc_column_container\"><div class=\"vc_column-inner us_custom_6e59d6f4\"><div class=\"wpb_wrapper\"><section class=\"l-section wpb_row us_custom_821ea863 centrar height_medium width_full\" id=\"workshops\"><div class=\"l-section-h i-cf\"><div class=\"g-cols vc_row via_flex valign_top type_default stacking_default\"><div class=\"vc_col-sm-12 wpb_column vc_column_container\"><div class=\"vc_column-inner us_custom_6e59d6f4\"><div class=\"wpb_wrapper\"><div class=\"wpb_text_column us_custom_3516b961 has_text_color\"><div class=\"wpb_wrapper\"><p>WORKSHOPS<\/p>\n<\/div><\/div><\/div><\/div><\/div><\/div><\/div><\/section>\n<\/div><\/div><\/div><\/div><\/div><\/section><section class=\"l-section wpb_row us_custom_f58a0cb9 height_medium width_full\"><div class=\"l-section-h i-cf\"><div class=\"g-cols vc_row via_flex valign_top type_default stacking_default\"><div class=\"vc_col-sm-12 wpb_column vc_column_container\"><div class=\"vc_column-inner\"><div class=\"wpb_wrapper\"><div class=\"w-grid type_grid layout_69 cols_5 ratio_1x1\" id=\"us_grid_3\"><style>#us_grid_3 .w-grid-item{padding:1.5rem}#us_grid_3 .w-grid-list{margin:-1.5rem}.w-grid + #us_grid_3 .w-grid-list,.w-grid-none + #us_grid_3 .w-grid-list{margin-top:1.5rem}@media (max-width:1199px){#us_grid_3 .w-grid-item{width:33.3333%}#us_grid_3 .w-grid-item.size_2x1,#us_grid_3 .w-grid-item.size_2x2{width:66.6667%}}@media (max-width:899px){#us_grid_3 .w-grid-item{width:50%}#us_grid_3 .w-grid-item.size_2x1,#us_grid_3 .w-grid-item.size_2x2{width:100%}}@media (max-width:599px){#us_grid_3 .w-grid-list{margin:0}#us_grid_3 .w-grid-item{width:100%;padding:0;margin-bottom:1.5rem}}<\/style><div class=\"w-grid-list\">\t<article class=\"w-grid-item size_1x1 post-2556 post type-post status-publish format-standard has-post-thumbnail hentry category-workshops tag-quimerotropo categoriasgenerales-workshops\" data-id=\"2556\">\r\n\t\t<div class=\"w-grid-item-h\">\r\n\t\t\t\t\t\t<div class=\"w-post-elm post_image usg_post_image_1 stretched\"><a href=\"https:\/\/nucleo-lc.org\/en\/2020\/07\/03\/workshop-quimerotropo\/\" aria-label=\"Workshop QUIMEROTROPO\"><img loading=\"lazy\" decoding=\"async\" width=\"600\" height=\"600\" src=\"https:\/\/nucleo-lc.org\/wp-content\/uploads\/2020\/07\/H_IMG_4240_300.jpg\" class=\"attachment-large size-large wp-post-image\" alt=\"\" srcset=\"https:\/\/nucleo-lc.org\/wp-content\/uploads\/2020\/07\/H_IMG_4240_300.jpg 600w, https:\/\/nucleo-lc.org\/wp-content\/uploads\/2020\/07\/H_IMG_4240_300-300x300.jpg 300w, https:\/\/nucleo-lc.org\/wp-content\/uploads\/2020\/07\/H_IMG_4240_300-150x150.jpg 150w\" sizes=\"auto, (max-width: 600px) 100vw, 600px\" \/><\/a><\/div><h2 class=\"w-post-elm post_title usg_post_title_1 entry-title color_link_inherit\"><a href=\"https:\/\/nucleo-lc.org\/en\/2020\/07\/03\/workshop-quimerotropo\/\">Workshop QUIMEROTROPO<\/a><\/h2>\t\t<\/div>\r\n\t<\/article>\r\n<\/div><div class=\"w-grid-preloader\"><div class=\"g-preloader type_1\">\r\n\t<div><\/div>\r\n<\/div>\r\n<\/div>\t<div class=\"w-grid-json hidden\" onclick='return {&quot;action&quot;:&quot;us_ajax_grid&quot;,&quot;ajax_url&quot;:&quot;https:\\\/\\\/nucleo-lc.org\\\/wp-admin\\\/admin-ajax.php&quot;,&quot;infinite_scroll&quot;:0,&quot;max_num_pages&quot;:1,&quot;pagination&quot;:&quot;none&quot;,&quot;permalink_url&quot;:&quot;https:\\\/\\\/nucleo-lc.org\\\/en\\\/wp-json\\\/wp\\\/v2\\\/pages\\\/1749&quot;,&quot;template_vars&quot;:{&quot;columns&quot;:&quot;5&quot;,&quot;exclude_items&quot;:&quot;none&quot;,&quot;img_size&quot;:&quot;default&quot;,&quot;ignore_items_size&quot;:false,&quot;items_layout&quot;:&quot;69&quot;,&quot;items_offset&quot;:&quot;1&quot;,&quot;load_animation&quot;:&quot;none&quot;,&quot;overriding_link&quot;:&quot;none&quot;,&quot;post_id&quot;:2538,&quot;query_args&quot;:{&quot;post_type&quot;:[&quot;post&quot;],&quot;tax_query&quot;:[{&quot;taxonomy&quot;:&quot;category&quot;,&quot;field&quot;:&quot;slug&quot;,&quot;terms&quot;:[&quot;workshops&quot;]},{&quot;taxonomy&quot;:&quot;post_tag&quot;,&quot;field&quot;:&quot;slug&quot;,&quot;terms&quot;:[&quot;quimerotropo&quot;]}],&quot;post_status&quot;:[&quot;publish&quot;,&quot;acf-disabled&quot;],&quot;posts_per_page&quot;:&quot;10&quot;},&quot;orderby_query_args&quot;:{&quot;orderby&quot;:{&quot;date&quot;:&quot;DESC&quot;}},&quot;type&quot;:&quot;grid&quot;,&quot;us_grid_ajax_index&quot;:1,&quot;us_grid_filter_params&quot;:null,&quot;us_grid_index&quot;:3,&quot;_us_grid_post_type&quot;:&quot;post&quot;}}'><\/div>\r\n\t<\/div><\/div><\/div><\/div><\/div><\/div><\/section><section class=\"l-section wpb_row us_custom_56953643 centrar height_medium width_full\"><div class=\"l-section-h i-cf\"><div class=\"g-cols vc_row via_flex valign_top type_default stacking_default\"><div class=\"vc_col-sm-12 wpb_column vc_column_container\"><div class=\"vc_column-inner us_custom_6e59d6f4\"><div class=\"wpb_wrapper\"><section class=\"l-section wpb_row us_custom_821ea863 centrar height_medium width_full\" id=\"prensa\"><div class=\"l-section-h i-cf\"><div class=\"g-cols vc_row via_flex valign_top type_default stacking_default\"><div class=\"vc_col-sm-12 wpb_column vc_column_container\"><div class=\"vc_column-inner us_custom_6e59d6f4\"><div class=\"wpb_wrapper\"><div class=\"wpb_text_column us_custom_3516b961 has_text_color\"><div class=\"wpb_wrapper\"><p><span style=\"font-weight: 400;\">PRENSA<\/span><\/p>\n<\/div><\/div><\/div><\/div><\/div><\/div><\/div><\/section>\n<\/div><\/div><\/div><\/div><\/div><\/section><section class=\"l-section wpb_row us_custom_f58a0cb9 height_medium width_full\"><div class=\"l-section-h i-cf\"><div class=\"g-cols vc_row via_flex valign_top type_default stacking_default\"><div class=\"vc_col-sm-12 wpb_column vc_column_container\"><div class=\"vc_column-inner\"><div class=\"wpb_wrapper\"><div class=\"w-grid type_grid layout_4493\" id=\"us_grid_4\"><style>#us_grid_4 .w-grid-item:not(:last-child){margin-bottom:1.5rem}#us_grid_4 .g-loadmore{margin-top:1.5rem}.layout_4493 .w-grid-item-h{}.layout_4493 .usg_post_title_1{font-size:1rem!important;margin-bottom:0.3rem!important}.layout_4493 .usg_vwrapper_2{padding:20px 20px 20px 0px!important}<\/style><div class=\"w-grid-list\">\t<article class=\"w-grid-item size_1x1 post-4655 post type-post status-publish format-link hentry category-uncategorized tag-quimerotropo post_format-post-format-link categoriasgenerales-prensa\" data-id=\"4655\">\r\n\t\t<div class=\"w-grid-item-h\">\r\n\t\t\t\t\t\t<div class=\"w-vwrapper usg_vwrapper_2 align_none valign_top\"><h2 class=\"w-post-elm post_title usg_post_title_1 csslinklista entry-title color_link_inherit\">\u2014 EL MERCURIO. (2017, Noviembre). Reapertura del Ascensor Polanco. El Mercurio.<\/h2><div class=\"w-post-elm post_custom_field usg_post_custom_field_1 type_text\"><span class=\"w-post-elm-value\">QUIMEROTROPO<\/span><\/div><\/div>\t\t<\/div>\r\n\t<\/article>\r\n<\/div><div class=\"w-grid-preloader\"><div class=\"g-preloader type_1\">\r\n\t<div><\/div>\r\n<\/div>\r\n<\/div>\t<div class=\"w-grid-json hidden\" onclick='return {&quot;action&quot;:&quot;us_ajax_grid&quot;,&quot;ajax_url&quot;:&quot;https:\\\/\\\/nucleo-lc.org\\\/wp-admin\\\/admin-ajax.php&quot;,&quot;infinite_scroll&quot;:0,&quot;max_num_pages&quot;:1,&quot;pagination&quot;:&quot;none&quot;,&quot;permalink_url&quot;:&quot;https:\\\/\\\/nucleo-lc.org\\\/en\\\/wp-json\\\/wp\\\/v2\\\/pages\\\/1749&quot;,&quot;template_vars&quot;:{&quot;columns&quot;:&quot;1&quot;,&quot;exclude_items&quot;:&quot;none&quot;,&quot;img_size&quot;:&quot;default&quot;,&quot;ignore_items_size&quot;:false,&quot;items_layout&quot;:&quot;4493&quot;,&quot;items_offset&quot;:&quot;1&quot;,&quot;load_animation&quot;:&quot;none&quot;,&quot;overriding_link&quot;:&quot;none&quot;,&quot;post_id&quot;:2556,&quot;query_args&quot;:{&quot;post_type&quot;:[&quot;post&quot;],&quot;tax_query&quot;:[{&quot;taxonomy&quot;:&quot;post_tag&quot;,&quot;field&quot;:&quot;slug&quot;,&quot;terms&quot;:[&quot;quimerotropo&quot;]},{&quot;taxonomy&quot;:&quot;categoriasgenerales&quot;,&quot;field&quot;:&quot;slug&quot;,&quot;terms&quot;:[&quot;prensa&quot;]}],&quot;post_status&quot;:[&quot;publish&quot;,&quot;acf-disabled&quot;],&quot;posts_per_page&quot;:&quot;10&quot;},&quot;orderby_query_args&quot;:{&quot;orderby&quot;:{&quot;date&quot;:&quot;DESC&quot;}},&quot;type&quot;:&quot;grid&quot;,&quot;us_grid_ajax_index&quot;:1,&quot;us_grid_filter_params&quot;:null,&quot;us_grid_index&quot;:4,&quot;_us_grid_post_type&quot;:&quot;post&quot;}}'><\/div>\r\n\t<\/div><\/div><\/div><\/div><\/div><\/div><\/section>\n<\/div>","protected":false},"excerpt":{"rendered":"","protected":false},"author":4,"featured_media":0,"parent":0,"menu_order":0,"comment_status":"closed","ping_status":"closed","template":"","meta":{"footnotes":""},"class_list":["post-1749","page","type-page","status-publish","hentry"],"acf":[],"yoast_head":"<!-- This site is optimized with the Yoast SEO plugin v26.9 - https:\/\/yoast.com\/product\/yoast-seo-wordpress\/ -->\n<title>QUIMEROTROPO - NLC<\/title>\n<meta name=\"robots\" content=\"index, follow, max-snippet:-1, max-image-preview:large, max-video-preview:-1\" \/>\n<link rel=\"canonical\" href=\"https:\/\/nucleo-lc.org\/en\/quimerotropo\/\" \/>\n<meta property=\"og:locale\" content=\"en_US\" \/>\n<meta property=\"og:type\" content=\"article\" \/>\n<meta property=\"og:title\" content=\"QUIMEROTROPO - NLC\" \/>\n<meta property=\"og:url\" content=\"https:\/\/nucleo-lc.org\/en\/quimerotropo\/\" \/>\n<meta property=\"og:site_name\" content=\"NLC\" \/>\n<meta property=\"article:modified_time\" content=\"2022-07-11T20:28:04+00:00\" \/>\n<meta name=\"twitter:card\" content=\"summary_large_image\" \/>\n<meta name=\"twitter:label1\" content=\"Est. reading time\" \/>\n\t<meta name=\"twitter:data1\" content=\"1 minute\" \/>\n<script type=\"application\/ld+json\" class=\"yoast-schema-graph\">{\"@context\":\"https:\/\/schema.org\",\"@graph\":[{\"@type\":\"WebPage\",\"@id\":\"https:\/\/nucleo-lc.org\/quimerotropo\/\",\"url\":\"https:\/\/nucleo-lc.org\/quimerotropo\/\",\"name\":\"QUIMEROTROPO - NLC\",\"isPartOf\":{\"@id\":\"https:\/\/nucleo-lc.org\/#website\"},\"datePublished\":\"2020-06-11T13:42:26+00:00\",\"dateModified\":\"2022-07-11T20:28:04+00:00\",\"breadcrumb\":{\"@id\":\"https:\/\/nucleo-lc.org\/quimerotropo\/#breadcrumb\"},\"inLanguage\":\"en-US\",\"potentialAction\":[{\"@type\":\"ReadAction\",\"target\":[\"https:\/\/nucleo-lc.org\/quimerotropo\/\"]}]},{\"@type\":\"BreadcrumbList\",\"@id\":\"https:\/\/nucleo-lc.org\/quimerotropo\/#breadcrumb\",\"itemListElement\":[{\"@type\":\"ListItem\",\"position\":1,\"name\":\"Portada\",\"item\":\"https:\/\/nucleo-lc.org\/\"},{\"@type\":\"ListItem\",\"position\":2,\"name\":\"QUIMEROTROPO\"}]},{\"@type\":\"WebSite\",\"@id\":\"https:\/\/nucleo-lc.org\/#website\",\"url\":\"https:\/\/nucleo-lc.org\/\",\"name\":\"NLC\",\"description\":\"N\u00daCLEO LENGUAJE CREACI\u00d3N\",\"potentialAction\":[{\"@type\":\"SearchAction\",\"target\":{\"@type\":\"EntryPoint\",\"urlTemplate\":\"https:\/\/nucleo-lc.org\/?s={search_term_string}\"},\"query-input\":{\"@type\":\"PropertyValueSpecification\",\"valueRequired\":true,\"valueName\":\"search_term_string\"}}],\"inLanguage\":\"en-US\"}]}<\/script>\n<!-- \/ Yoast SEO plugin. -->","yoast_head_json":{"title":"QUIMEROTROPO - NLC","robots":{"index":"index","follow":"follow","max-snippet":"max-snippet:-1","max-image-preview":"max-image-preview:large","max-video-preview":"max-video-preview:-1"},"canonical":"https:\/\/nucleo-lc.org\/en\/quimerotropo\/","og_locale":"en_US","og_type":"article","og_title":"QUIMEROTROPO - NLC","og_url":"https:\/\/nucleo-lc.org\/en\/quimerotropo\/","og_site_name":"NLC","article_modified_time":"2022-07-11T20:28:04+00:00","twitter_card":"summary_large_image","twitter_misc":{"Est. reading time":"1 minute"},"schema":{"@context":"https:\/\/schema.org","@graph":[{"@type":"WebPage","@id":"https:\/\/nucleo-lc.org\/quimerotropo\/","url":"https:\/\/nucleo-lc.org\/quimerotropo\/","name":"QUIMEROTROPO - NLC","isPartOf":{"@id":"https:\/\/nucleo-lc.org\/#website"},"datePublished":"2020-06-11T13:42:26+00:00","dateModified":"2022-07-11T20:28:04+00:00","breadcrumb":{"@id":"https:\/\/nucleo-lc.org\/quimerotropo\/#breadcrumb"},"inLanguage":"en-US","potentialAction":[{"@type":"ReadAction","target":["https:\/\/nucleo-lc.org\/quimerotropo\/"]}]},{"@type":"BreadcrumbList","@id":"https:\/\/nucleo-lc.org\/quimerotropo\/#breadcrumb","itemListElement":[{"@type":"ListItem","position":1,"name":"Portada","item":"https:\/\/nucleo-lc.org\/"},{"@type":"ListItem","position":2,"name":"QUIMEROTROPO"}]},{"@type":"WebSite","@id":"https:\/\/nucleo-lc.org\/#website","url":"https:\/\/nucleo-lc.org\/","name":"NLC","description":"N\u00daCLEO LENGUAJE CREACI\u00d3N","potentialAction":[{"@type":"SearchAction","target":{"@type":"EntryPoint","urlTemplate":"https:\/\/nucleo-lc.org\/?s={search_term_string}"},"query-input":{"@type":"PropertyValueSpecification","valueRequired":true,"valueName":"search_term_string"}}],"inLanguage":"en-US"}]}},"_links":{"self":[{"href":"https:\/\/nucleo-lc.org\/en\/wp-json\/wp\/v2\/pages\/1749","targetHints":{"allow":["GET"]}}],"collection":[{"href":"https:\/\/nucleo-lc.org\/en\/wp-json\/wp\/v2\/pages"}],"about":[{"href":"https:\/\/nucleo-lc.org\/en\/wp-json\/wp\/v2\/types\/page"}],"author":[{"embeddable":true,"href":"https:\/\/nucleo-lc.org\/en\/wp-json\/wp\/v2\/users\/4"}],"replies":[{"embeddable":true,"href":"https:\/\/nucleo-lc.org\/en\/wp-json\/wp\/v2\/comments?post=1749"}],"version-history":[{"count":26,"href":"https:\/\/nucleo-lc.org\/en\/wp-json\/wp\/v2\/pages\/1749\/revisions"}],"predecessor-version":[{"id":4916,"href":"https:\/\/nucleo-lc.org\/en\/wp-json\/wp\/v2\/pages\/1749\/revisions\/4916"}],"wp:attachment":[{"href":"https:\/\/nucleo-lc.org\/en\/wp-json\/wp\/v2\/media?parent=1749"}],"curies":[{"name":"wp","href":"https:\/\/api.w.org\/{rel}","templated":true}]}}