{"id":3842,"date":"2021-11-18T22:07:12","date_gmt":"2021-11-18T22:07:12","guid":{"rendered":"https:\/\/nucleo-lc.org\/?page_id=3842"},"modified":"2025-04-29T20:23:11","modified_gmt":"2025-04-29T20:23:11","slug":"historias-naturoculturales","status":"publish","type":"page","link":"https:\/\/nucleo-lc.org\/en\/historias-naturoculturales\/","title":{"rendered":"HISTORIAS NATUROCULTURALES"},"content":{"rendered":"<div class=\"wpb-content-wrapper\"><section class=\"l-section wpb_row us_custom_445b4a37 centrar height_medium width_full\"><div class=\"l-section-h i-cf\"><div class=\"g-cols vc_row via_flex valign_top type_default stacking_default\"><div class=\"vc_col-sm-12 wpb_column vc_column_container\"><div class=\"vc_column-inner us_custom_6e59d6f4\"><div class=\"wpb_wrapper\"><section class=\"l-section wpb_row us_custom_821ea863 centrar height_medium width_full\"><div class=\"l-section-h i-cf\"><div class=\"g-cols vc_row via_flex valign_top type_default stacking_default\"><div class=\"vc_col-sm-12 wpb_column vc_column_container\"><div class=\"vc_column-inner us_custom_6e59d6f4\"><div class=\"wpb_wrapper\"><p class=\"w-post-elm post_title us_custom_3516b961 has_text_color entry-title color_link_inherit\">HISTORIAS NATUROCULTURALES<\/p><\/div><\/div><\/div><\/div><\/div><\/section>\n<\/div><\/div><\/div><\/div><\/div><\/section><section class=\"l-section wpb_row us_custom_1629c3a5 centrar height_medium width_full\"><div class=\"l-section-h i-cf\"><div class=\"g-cols vc_row via_flex valign_top type_default stacking_default\"><div class=\"vc_col-sm-12 wpb_column vc_column_container\"><div class=\"vc_column-inner us_custom_6e59d6f4\"><div class=\"wpb_wrapper\"><div class=\"w-separator size_medium\"><\/div><div class=\"wpb_text_column us_custom_19143edb\"><div class=\"wpb_wrapper\"><p>\u00bfC\u00f3mo lidiar con la necesaria redefinici\u00f3n de la relaci\u00f3n entre desarrollo y naturaleza? y \u00bfcu\u00e1l es el rol que juegan los l\u00edmites de nuestra propia concepci\u00f3n de tecnolog\u00eda en el subyugamiento de la naturaleza al desarrollo?<\/p>\n<p>A trav\u00e9s de la identificaci\u00f3n y an\u00e1lisis de elementos t\u00e9cnicos asociados a las tecnolog\u00edas de la informaci\u00f3n, HISTORIAS NATUROCULTURALES busca enlazar los estudios en dise\u00f1o con distintos marcos provenientes de las post-humanidades para resignificar, remitificar y fragmentar, el desarrollo y el dise\u00f1o de nuevas tecnolog\u00edas y por tanto, de una nueva relaci\u00f3n con la naturaleza.<\/p>\n<\/div><\/div><div class=\"w-separator size_medium\"><\/div><\/div><\/div><\/div><\/div><\/div><\/section><section class=\"l-section wpb_row us_custom_e5f9337f centrar height_medium width_full\"><div class=\"l-section-h i-cf\"><div class=\"g-cols vc_row via_flex valign_top type_default stacking_default\"><div class=\"vc_col-sm-12 wpb_column vc_column_container\"><div class=\"vc_column-inner us_custom_6e59d6f4\"><div class=\"wpb_wrapper\"><section class=\"l-section wpb_row us_custom_821ea863 centrar height_medium width_full\" id=\"articulos\"><div class=\"l-section-h i-cf\"><div class=\"g-cols vc_row via_flex valign_top type_default stacking_default\"><div class=\"vc_col-sm-12 wpb_column vc_column_container\"><div class=\"vc_column-inner us_custom_6e59d6f4\"><div class=\"wpb_wrapper\"><div class=\"wpb_text_column us_custom_3516b961 has_text_color\"><div class=\"wpb_wrapper\"><p>ART\u00cdCULOS<\/p>\n<\/div><\/div><\/div><\/div><\/div><\/div><\/div><\/section>\n<\/div><\/div><\/div><\/div><\/div><\/section><section class=\"l-section wpb_row us_custom_fe0397c8 height_medium\"><div class=\"l-section-h i-cf\"><div class=\"g-cols vc_row via_flex valign_top type_default stacking_default\"><div class=\"vc_col-sm-12 wpb_column vc_column_container\"><div class=\"vc_column-inner\"><div class=\"wpb_wrapper\"><div class=\"w-grid type_grid layout_4493\" id=\"us_grid_1\" data-filterable=\"true\"><style>#us_grid_1 .w-grid-item:not(:last-child){margin-bottom:1.5rem}#us_grid_1 .g-loadmore{margin-top:1.5rem}.layout_4493 .w-grid-item-h{}.layout_4493 .usg_post_title_1{font-size:1rem!important;margin-bottom:0.3rem!important}.layout_4493 .usg_vwrapper_2{padding:20px 20px 20px 0px!important}<\/style><div class=\"w-grid-list\">\t<article class=\"w-grid-item size_1x1 post-4587 post type-post status-publish format-link hentry category-articulos tag-historias-naturoculturales post_format-post-format-link categoriasgenerales-articulos\" data-id=\"4587\">\r\n\t\t<div class=\"w-grid-item-h\">\r\n\t\t\t\t\t\t<div class=\"w-vwrapper usg_vwrapper_2 align_none valign_top\"><h2 class=\"w-post-elm post_title usg_post_title_1 csslinklista entry-title color_link_inherit\"><a href=\"https:\/\/doi.org\/10.4067\/S0717-69962021000200068\" target=\"_blank\" rel=\"noopener nofollow\">\u2014 PORTAL, F. (2021). Una historia naturocultural de la antena palmera. ARQ (Santiago), 108, 68\u201381<\/a><\/h2><div class=\"w-post-elm post_custom_field usg_post_custom_field_1 type_text\"><span class=\"w-post-elm-value\">HISTORIAS NATUROCULTURALES<\/span><\/div><\/div>\t\t<\/div>\r\n\t<\/article>\r\n<\/div><div class=\"w-grid-preloader\"><div class=\"g-preloader type_1\">\r\n\t<div><\/div>\r\n<\/div>\r\n<\/div>\t<div class=\"w-grid-json hidden\" onclick='return {&quot;action&quot;:&quot;us_ajax_grid&quot;,&quot;ajax_url&quot;:&quot;https:\\\/\\\/nucleo-lc.org\\\/wp-admin\\\/admin-ajax.php&quot;,&quot;infinite_scroll&quot;:0,&quot;max_num_pages&quot;:1,&quot;pagination&quot;:&quot;none&quot;,&quot;permalink_url&quot;:&quot;https:\\\/\\\/nucleo-lc.org\\\/en\\\/wp-json\\\/wp\\\/v2\\\/pages\\\/3842&quot;,&quot;template_vars&quot;:{&quot;columns&quot;:&quot;1&quot;,&quot;exclude_items&quot;:&quot;none&quot;,&quot;img_size&quot;:&quot;default&quot;,&quot;ignore_items_size&quot;:false,&quot;items_layout&quot;:&quot;4493&quot;,&quot;items_offset&quot;:&quot;1&quot;,&quot;load_animation&quot;:&quot;none&quot;,&quot;overriding_link&quot;:&quot;none&quot;,&quot;post_id&quot;:3842,&quot;query_args&quot;:{&quot;post_type&quot;:[&quot;post&quot;],&quot;tax_query&quot;:[{&quot;taxonomy&quot;:&quot;post_tag&quot;,&quot;field&quot;:&quot;slug&quot;,&quot;terms&quot;:[&quot;historias-naturoculturales&quot;]},{&quot;taxonomy&quot;:&quot;categoriasgenerales&quot;,&quot;field&quot;:&quot;slug&quot;,&quot;terms&quot;:[&quot;articulos&quot;]}],&quot;post_status&quot;:[&quot;publish&quot;,&quot;acf-disabled&quot;],&quot;posts_per_page&quot;:&quot;10&quot;},&quot;orderby_query_args&quot;:{&quot;orderby&quot;:{&quot;date&quot;:&quot;DESC&quot;}},&quot;type&quot;:&quot;grid&quot;,&quot;us_grid_ajax_index&quot;:1,&quot;us_grid_filter_params&quot;:null,&quot;us_grid_index&quot;:1,&quot;_us_grid_post_type&quot;:&quot;post&quot;}}'><\/div>\r\n\t<\/div><\/div><\/div><\/div><\/div><\/div><\/section><section class=\"l-section wpb_row us_custom_97b91cc7 centrar height_medium width_full\"><div class=\"l-section-h i-cf\"><div class=\"g-cols vc_row via_flex valign_top type_default stacking_default\"><div class=\"vc_col-sm-12 wpb_column vc_column_container\"><div class=\"vc_column-inner us_custom_6e59d6f4\"><div class=\"wpb_wrapper\"><section class=\"l-section wpb_row us_custom_821ea863 centrar height_medium width_full\" id=\"eventos\"><div class=\"l-section-h i-cf\"><div class=\"g-cols vc_row via_flex valign_top type_default stacking_default\"><div class=\"vc_col-sm-12 wpb_column vc_column_container\"><div class=\"vc_column-inner us_custom_6e59d6f4\"><div class=\"wpb_wrapper\"><div class=\"wpb_text_column us_custom_3516b961 has_text_color\"><div class=\"wpb_wrapper\"><p>EVENTS<\/p>\n<\/div><\/div><\/div><\/div><\/div><\/div><\/div><\/section>\n<\/div><\/div><\/div><\/div><\/div><\/section><section class=\"l-section wpb_row height_medium\"><div class=\"l-section-h i-cf\"><div class=\"g-cols vc_row via_flex valign_top type_default stacking_default\"><div class=\"vc_col-sm-12 wpb_column vc_column_container\"><div class=\"vc_column-inner\"><div class=\"wpb_wrapper\"><div class=\"w-grid type_metro layout_69 ratio_1x1\" id=\"us_grid_2\"><style>#us_grid_2 .w-grid-list{grid-gap:calc(1.5rem * 2)}#us_grid_2 .w-grid-item-h:before{padding-bottom:100%}.layout_69 .w-grid-item-h:before{padding-bottom:100%}@media (min-width:600px){.layout_69 .w-grid-item.size_1x2 .w-grid-item-h:before{padding-bottom:calc(200% + 1.5rem + 1.5rem)}.layout_69 .w-grid-item.size_2x1 .w-grid-item-h:before{padding-bottom:calc(50% - 1.5rem * 1)}.layout_69 .w-grid-item.size_2x2 .w-grid-item-h:before{padding-bottom:calc(100% - 1.5rem * 0)}}.layout_69 .w-grid-item-h{}.layout_69 .usg_post_image_1{transition-duration:0.3s;transform-origin:50% 50%;transform:scale(1) translate(0%,0%)}.layout_69 .w-grid-item-h:hover .usg_post_image_1{transform:scale(1) translate(0%,0%);opacity:1;border-color:#e41c20!important}.layout_69 .usg_post_image_1{margin-bottom:0.5rem!important;border:4px solid rgba(0,0,0,0)!important}.layout_69 .usg_post_title_1{font-size:1rem!important}<\/style><div class=\"w-grid-list\">\t<article class=\"w-grid-item size_1x1 post-6169 post type-post status-publish format-standard has-post-thumbnail hentry category-eventos category-uncategorized tag-historias-naturoculturales categoriasgenerales-eventos\" data-id=\"6169\">\r\n\t\t<div class=\"w-grid-item-h\">\r\n\t\t\t\t\t\t<div class=\"w-post-elm post_image usg_post_image_1 stretched\"><a href=\"https:\/\/nucleo-lc.org\/en\/2023\/10\/25\/hibridos-naturoculturales-ix-simposio-internacional-de-estetica-uc-pensar-el-antropoceno-desde-el-sur\/\" aria-label=\"\u00abH\u00edbridos naturoculturales\u00bb @  IX Simposio Internacional de Est\u00e9tica UC \u201cPensar el Antropoceno desde el Sur\u201d\"><img loading=\"lazy\" decoding=\"async\" width=\"600\" height=\"600\" src=\"https:\/\/nucleo-lc.org\/wp-content\/uploads\/2023\/11\/1_select.jpg\" class=\"attachment-large size-large wp-post-image\" alt=\"\" srcset=\"https:\/\/nucleo-lc.org\/wp-content\/uploads\/2023\/11\/1_select.jpg 600w, https:\/\/nucleo-lc.org\/wp-content\/uploads\/2023\/11\/1_select-300x300.jpg 300w, https:\/\/nucleo-lc.org\/wp-content\/uploads\/2023\/11\/1_select-150x150.jpg 150w, https:\/\/nucleo-lc.org\/wp-content\/uploads\/2023\/11\/1_select-120x120.jpg 120w\" sizes=\"auto, (max-width: 600px) 100vw, 600px\" \/><\/a><\/div><h2 class=\"w-post-elm post_title usg_post_title_1 entry-title color_link_inherit\"><a href=\"https:\/\/nucleo-lc.org\/en\/2023\/10\/25\/hibridos-naturoculturales-ix-simposio-internacional-de-estetica-uc-pensar-el-antropoceno-desde-el-sur\/\">\u00abH\u00edbridos naturoculturales\u00bb @  IX Simposio Internacional de Est\u00e9tica UC \u201cPensar el Antropoceno desde el Sur\u201d<\/a><\/h2>\t\t<\/div>\r\n\t<\/article>\r\n<\/div><div class=\"w-grid-preloader\"><div class=\"g-preloader type_1\">\r\n\t<div><\/div>\r\n<\/div>\r\n<\/div>\t<div class=\"w-grid-json hidden\" onclick='return {&quot;action&quot;:&quot;us_ajax_grid&quot;,&quot;ajax_url&quot;:&quot;https:\\\/\\\/nucleo-lc.org\\\/wp-admin\\\/admin-ajax.php&quot;,&quot;infinite_scroll&quot;:0,&quot;max_num_pages&quot;:1,&quot;pagination&quot;:&quot;none&quot;,&quot;permalink_url&quot;:&quot;https:\\\/\\\/nucleo-lc.org\\\/en\\\/wp-json\\\/wp\\\/v2\\\/pages\\\/3842&quot;,&quot;template_vars&quot;:{&quot;columns&quot;:&quot;2&quot;,&quot;exclude_items&quot;:&quot;none&quot;,&quot;img_size&quot;:&quot;default&quot;,&quot;ignore_items_size&quot;:false,&quot;items_layout&quot;:&quot;69&quot;,&quot;items_offset&quot;:&quot;1&quot;,&quot;load_animation&quot;:&quot;none&quot;,&quot;overriding_link&quot;:&quot;none&quot;,&quot;post_id&quot;:4587,&quot;query_args&quot;:{&quot;post_type&quot;:[&quot;post&quot;],&quot;tax_query&quot;:[{&quot;taxonomy&quot;:&quot;post_tag&quot;,&quot;field&quot;:&quot;slug&quot;,&quot;terms&quot;:[&quot;historias-naturoculturales&quot;]},{&quot;taxonomy&quot;:&quot;categoriasgenerales&quot;,&quot;field&quot;:&quot;slug&quot;,&quot;terms&quot;:[&quot;eventos&quot;]}],&quot;post_status&quot;:[&quot;publish&quot;,&quot;acf-disabled&quot;],&quot;posts_per_page&quot;:&quot;10&quot;},&quot;orderby_query_args&quot;:{&quot;orderby&quot;:{&quot;date&quot;:&quot;DESC&quot;}},&quot;type&quot;:&quot;metro&quot;,&quot;us_grid_ajax_index&quot;:1,&quot;us_grid_filter_params&quot;:null,&quot;us_grid_index&quot;:2,&quot;_us_grid_post_type&quot;:&quot;post&quot;}}'><\/div>\r\n\t<\/div><\/div><\/div><\/div><\/div><\/div><\/section>\n<\/div>","protected":false},"excerpt":{"rendered":"HISTORIAS NATUROCULTURALES \u00abH\u00edbridos naturoculturales\u00bb @ IX Simposio Internacional de Est\u00e9tica UC \u201cPensar el Antropoceno desde el Sur\u201d El martes 25 de octubre del 2023, investigadores del NLC participaron del IX Simposio Internacional de Est\u00e9tica \u201cPensar el Antropoceno desde el Sur\u201d, organizado por el Instituto de Est\u00e9tica de la Pontificia Universidad Cat\u00f3lica de Chile, con el...","protected":false},"author":4,"featured_media":0,"parent":0,"menu_order":0,"comment_status":"closed","ping_status":"closed","template":"","meta":{"footnotes":""},"class_list":["post-3842","page","type-page","status-publish","hentry"],"acf":[],"yoast_head":"<!-- This site is optimized with the Yoast SEO plugin v26.9 - https:\/\/yoast.com\/product\/yoast-seo-wordpress\/ -->\n<title>HISTORIAS NATUROCULTURALES - NLC<\/title>\n<meta name=\"robots\" content=\"index, follow, max-snippet:-1, max-image-preview:large, max-video-preview:-1\" \/>\n<link rel=\"canonical\" href=\"https:\/\/nucleo-lc.org\/en\/historias-naturoculturales\/\" \/>\n<meta property=\"og:locale\" content=\"en_US\" \/>\n<meta property=\"og:type\" content=\"article\" \/>\n<meta property=\"og:title\" content=\"HISTORIAS NATUROCULTURALES - NLC\" \/>\n<meta property=\"og:url\" content=\"https:\/\/nucleo-lc.org\/en\/historias-naturoculturales\/\" \/>\n<meta property=\"og:site_name\" content=\"NLC\" \/>\n<meta property=\"article:modified_time\" content=\"2025-04-29T20:23:11+00:00\" \/>\n<meta name=\"twitter:card\" content=\"summary_large_image\" \/>\n<meta name=\"twitter:label1\" content=\"Est. reading time\" \/>\n\t<meta name=\"twitter:data1\" content=\"1 minute\" \/>\n<script type=\"application\/ld+json\" class=\"yoast-schema-graph\">{\"@context\":\"https:\/\/schema.org\",\"@graph\":[{\"@type\":\"WebPage\",\"@id\":\"https:\/\/nucleo-lc.org\/historias-naturoculturales\/\",\"url\":\"https:\/\/nucleo-lc.org\/historias-naturoculturales\/\",\"name\":\"HISTORIAS NATUROCULTURALES - NLC\",\"isPartOf\":{\"@id\":\"https:\/\/nucleo-lc.org\/#website\"},\"datePublished\":\"2021-11-18T22:07:12+00:00\",\"dateModified\":\"2025-04-29T20:23:11+00:00\",\"breadcrumb\":{\"@id\":\"https:\/\/nucleo-lc.org\/historias-naturoculturales\/#breadcrumb\"},\"inLanguage\":\"en-US\",\"potentialAction\":[{\"@type\":\"ReadAction\",\"target\":[\"https:\/\/nucleo-lc.org\/historias-naturoculturales\/\"]}]},{\"@type\":\"BreadcrumbList\",\"@id\":\"https:\/\/nucleo-lc.org\/historias-naturoculturales\/#breadcrumb\",\"itemListElement\":[{\"@type\":\"ListItem\",\"position\":1,\"name\":\"Portada\",\"item\":\"https:\/\/nucleo-lc.org\/\"},{\"@type\":\"ListItem\",\"position\":2,\"name\":\"HISTORIAS NATUROCULTURALES\"}]},{\"@type\":\"WebSite\",\"@id\":\"https:\/\/nucleo-lc.org\/#website\",\"url\":\"https:\/\/nucleo-lc.org\/\",\"name\":\"NLC\",\"description\":\"N\u00daCLEO LENGUAJE CREACI\u00d3N\",\"potentialAction\":[{\"@type\":\"SearchAction\",\"target\":{\"@type\":\"EntryPoint\",\"urlTemplate\":\"https:\/\/nucleo-lc.org\/?s={search_term_string}\"},\"query-input\":{\"@type\":\"PropertyValueSpecification\",\"valueRequired\":true,\"valueName\":\"search_term_string\"}}],\"inLanguage\":\"en-US\"}]}<\/script>\n<!-- \/ Yoast SEO plugin. -->","yoast_head_json":{"title":"HISTORIAS NATUROCULTURALES - NLC","robots":{"index":"index","follow":"follow","max-snippet":"max-snippet:-1","max-image-preview":"max-image-preview:large","max-video-preview":"max-video-preview:-1"},"canonical":"https:\/\/nucleo-lc.org\/en\/historias-naturoculturales\/","og_locale":"en_US","og_type":"article","og_title":"HISTORIAS NATUROCULTURALES - NLC","og_url":"https:\/\/nucleo-lc.org\/en\/historias-naturoculturales\/","og_site_name":"NLC","article_modified_time":"2025-04-29T20:23:11+00:00","twitter_card":"summary_large_image","twitter_misc":{"Est. reading time":"1 minute"},"schema":{"@context":"https:\/\/schema.org","@graph":[{"@type":"WebPage","@id":"https:\/\/nucleo-lc.org\/historias-naturoculturales\/","url":"https:\/\/nucleo-lc.org\/historias-naturoculturales\/","name":"HISTORIAS NATUROCULTURALES - NLC","isPartOf":{"@id":"https:\/\/nucleo-lc.org\/#website"},"datePublished":"2021-11-18T22:07:12+00:00","dateModified":"2025-04-29T20:23:11+00:00","breadcrumb":{"@id":"https:\/\/nucleo-lc.org\/historias-naturoculturales\/#breadcrumb"},"inLanguage":"en-US","potentialAction":[{"@type":"ReadAction","target":["https:\/\/nucleo-lc.org\/historias-naturoculturales\/"]}]},{"@type":"BreadcrumbList","@id":"https:\/\/nucleo-lc.org\/historias-naturoculturales\/#breadcrumb","itemListElement":[{"@type":"ListItem","position":1,"name":"Portada","item":"https:\/\/nucleo-lc.org\/"},{"@type":"ListItem","position":2,"name":"HISTORIAS NATUROCULTURALES"}]},{"@type":"WebSite","@id":"https:\/\/nucleo-lc.org\/#website","url":"https:\/\/nucleo-lc.org\/","name":"NLC","description":"N\u00daCLEO LENGUAJE CREACI\u00d3N","potentialAction":[{"@type":"SearchAction","target":{"@type":"EntryPoint","urlTemplate":"https:\/\/nucleo-lc.org\/?s={search_term_string}"},"query-input":{"@type":"PropertyValueSpecification","valueRequired":true,"valueName":"search_term_string"}}],"inLanguage":"en-US"}]}},"_links":{"self":[{"href":"https:\/\/nucleo-lc.org\/en\/wp-json\/wp\/v2\/pages\/3842","targetHints":{"allow":["GET"]}}],"collection":[{"href":"https:\/\/nucleo-lc.org\/en\/wp-json\/wp\/v2\/pages"}],"about":[{"href":"https:\/\/nucleo-lc.org\/en\/wp-json\/wp\/v2\/types\/page"}],"author":[{"embeddable":true,"href":"https:\/\/nucleo-lc.org\/en\/wp-json\/wp\/v2\/users\/4"}],"replies":[{"embeddable":true,"href":"https:\/\/nucleo-lc.org\/en\/wp-json\/wp\/v2\/comments?post=3842"}],"version-history":[{"count":10,"href":"https:\/\/nucleo-lc.org\/en\/wp-json\/wp\/v2\/pages\/3842\/revisions"}],"predecessor-version":[{"id":7046,"href":"https:\/\/nucleo-lc.org\/en\/wp-json\/wp\/v2\/pages\/3842\/revisions\/7046"}],"wp:attachment":[{"href":"https:\/\/nucleo-lc.org\/en\/wp-json\/wp\/v2\/media?parent=3842"}],"curies":[{"name":"wp","href":"https:\/\/api.w.org\/{rel}","templated":true}]}}