{"id":5299,"date":"2022-08-31T22:14:21","date_gmt":"2022-08-31T22:14:21","guid":{"rendered":"https:\/\/nucleo-lc.org\/?page_id=5299"},"modified":"2025-01-10T19:03:26","modified_gmt":"2025-01-10T19:03:26","slug":"estudio-rca","status":"publish","type":"page","link":"https:\/\/nucleo-lc.org\/en\/estudio-rca\/","title":{"rendered":"ESTUDIO RCA"},"content":{"rendered":"<div class=\"wpb-content-wrapper\"><section class=\"l-section wpb_row us_custom_445b4a37 centrar height_medium width_full\"><div class=\"l-section-h i-cf\"><div class=\"g-cols vc_row via_flex valign_top type_default stacking_default\"><div class=\"vc_col-sm-12 wpb_column vc_column_container\"><div class=\"vc_column-inner\"><div class=\"wpb_wrapper\"><section class=\"l-section wpb_row us_custom_821ea863 centrar height_medium width_full\"><div class=\"l-section-h i-cf\"><div class=\"g-cols vc_row via_flex valign_top type_default stacking_default\"><div class=\"vc_col-sm-12 wpb_column vc_column_container\"><div class=\"vc_column-inner us_custom_6e59d6f4\"><div class=\"wpb_wrapper\"><p class=\"w-post-elm post_title us_custom_3516b961 has_text_color entry-title color_link_inherit\">ESTUDIO RCA<\/p><\/div><\/div><\/div><\/div><\/div><\/section>\n<\/div><\/div><\/div><\/div><\/div><\/section><section class=\"l-section wpb_row us_custom_24a3d949 centrar height_medium width_full\"><div class=\"l-section-h i-cf\"><div class=\"g-cols vc_row via_flex valign_top type_default stacking_default\"><div class=\"vc_col-sm-12 wpb_column vc_column_container\"><div class=\"vc_column-inner us_custom_6e59d6f4\"><div class=\"wpb_wrapper\"><div class=\"w-separator size_medium\"><\/div><\/div><\/div><\/div><\/div><\/div><\/section><section class=\"l-section wpb_row us_custom_0a9938f1 centrar height_medium width_full\"><div class=\"l-section-h i-cf\"><div class=\"g-cols vc_row via_flex valign_top type_default stacking_default\"><div class=\"vc_col-sm-8 wpb_column vc_column_container\"><div class=\"vc_column-inner us_custom_6e59d6f4\"><div class=\"wpb_wrapper\"><div class=\"w-image has_ratio align_none\"><div class=\"w-image-h\"><div style=\"padding-bottom:75%\"><\/div><img loading=\"lazy\" decoding=\"async\" width=\"1024\" height=\"768\" src=\"https:\/\/nucleo-lc.org\/wp-content\/uploads\/2022\/09\/WhatsApp-Image-2022-07-08-at-12.46.34-PM-4.jpeg\" class=\"attachment-large size-large\" alt=\"\" srcset=\"https:\/\/nucleo-lc.org\/wp-content\/uploads\/2022\/09\/WhatsApp-Image-2022-07-08-at-12.46.34-PM-4.jpeg 1024w, https:\/\/nucleo-lc.org\/wp-content\/uploads\/2022\/09\/WhatsApp-Image-2022-07-08-at-12.46.34-PM-4-300x225.jpeg 300w, https:\/\/nucleo-lc.org\/wp-content\/uploads\/2022\/09\/WhatsApp-Image-2022-07-08-at-12.46.34-PM-4-120x90.jpeg 120w, https:\/\/nucleo-lc.org\/wp-content\/uploads\/2022\/09\/WhatsApp-Image-2022-07-08-at-12.46.34-PM-4-160x120.jpeg 160w\" sizes=\"auto, (max-width: 1024px) 100vw, 1024px\" \/><\/div><\/div><\/div><\/div><\/div><div class=\"vc_col-sm-4 wpb_column vc_column_container\"><div class=\"vc_column-inner\"><div class=\"wpb_wrapper\"><\/div><\/div><\/div><\/div><\/div><\/section><section class=\"l-section wpb_row us_custom_24a3d949 centrar height_medium width_full\"><div class=\"l-section-h i-cf\"><div class=\"g-cols vc_row via_flex valign_top type_default stacking_default\"><div class=\"vc_col-sm-12 wpb_column vc_column_container\"><div class=\"vc_column-inner us_custom_6e59d6f4\"><div class=\"wpb_wrapper\"><div class=\"w-separator size_small\"><\/div><\/div><\/div><\/div><\/div><\/div><\/section><section class=\"l-section wpb_row us_custom_86b0c89d height_medium width_full\"><div class=\"l-section-h i-cf\"><div class=\"g-cols vc_row via_flex valign_top type_default stacking_default\"><div class=\"vc_col-sm-8 wpb_column vc_column_container\"><div class=\"vc_column-inner us_custom_4916a5e1\"><div class=\"wpb_wrapper\"><div class=\"w-separator size_small\"><\/div><div class=\"wpb_text_column us_custom_1e0e9307 textopublicacion\"><div class=\"wpb_wrapper\"><p>El Estudio RCA (Resultados de Creaci\u00f3n Acad\u00e9mica), desarrollado en conjunto con la Vicerrectoria de Investigaci\u00f3n, forma parte de un esfuerzo por definir indicadores para la identificaci\u00f3n, valoraci\u00f3n y fomento de la creaci\u00f3n acad\u00e9mica<span style=\"color: #ff0000;\"><sup>1<\/sup><\/span>. Esto, con miras a aportar a la discusi\u00f3n nacional e internacional, sobre la definici\u00f3n de sistemas de medici\u00f3n capaces de reconocer y validar resultados acad\u00e9micos provenientes de disciplinas creativas y que actualmente no son considerados en las mediciones tradicionales basadas en resultados de investigaci\u00f3n.<\/p>\n<p>La <a href=\"https:\/\/www.udla.cl\/wp-content\/uploads\/2021\/12\/171221-Politica-de-Investigacion-UDLA.pdf\" target=\"_blank\" rel=\"noopener\">Pol\u00edtica de Investigaci\u00f3n<\/a> de la Universidad de las Am\u00e9ricas, define la \u00abcreaci\u00f3n en contextos universitarios\u00bb como: <strong>\u00abuna actividad rigurosa, documentada y con metodolog\u00edas claras, la cual debe desarrollarse sistem\u00e1ticamente y ser validada por pares, contribuyendo igualmente a la cultura y a la formaci\u00f3n de estudiantes de pregrado y postgrado.\u00bb<\/strong><\/p>\n<p>Desde esta definici\u00f3n conceptual y en base al desarrollo de un estudio sobre la definici\u00f3n nacional e internacional de m\u00e9tricas universitarias de creaci\u00f3n, de ha desarrollado una propuesta preliminar de indicadores y criterios la cual considera lo siguiente:<\/p>\n<\/div><\/div><\/div><\/div><\/div><div class=\"vc_col-sm-4 wpb_column vc_column_container\"><div class=\"vc_column-inner us_custom_7b996bff\"><div class=\"wpb_wrapper\"><div class=\"wpb_text_column us_custom_2f637291 has_text_color\"><div class=\"wpb_wrapper\"><p>Proyecto desarrollado en conjunto con la Vicerrectoria de Investigaci\u00f3n UDLA.<\/p>\n<p>Consultores externos:<br \/>\n&#8211; Enrique Roib\u00f3, \u00abInforme sobre m\u00e9tricas y evaluaci\u00f3n de la creaci\u00f3n en contextos Universitarios\u00bb, 2021.<\/p>\n<p>\u2014Cristal Le\u00f3n, \u00abEvaluaci\u00f3n de indicadores de creaci\u00f3n acad\u00e9mica por profesionales de las \u00e1reas de las artes, dise\u00f1o, arquitectura, comunicaciones\u00bb, 2022 (en curso).<\/p>\n<p>Imagen: Workshop Xeno-curator\u00edas desarrollado por la artista residente Marianne Hoffmeister, como parte del Taller de Proyectos VII, de la Escuela de Arquitectura UDLA.<\/p>\n<\/div><\/div><\/div><\/div><\/div><\/div><\/div><\/section>\n<\/div>","protected":false},"excerpt":{"rendered":"ESTUDIO RCA El Estudio RCA (Resultados de Creaci\u00f3n Acad\u00e9mica), desarrollado en conjunto con la Vicerrectoria de Investigaci\u00f3n, forma parte de un esfuerzo por definir indicadores para la identificaci\u00f3n, valoraci\u00f3n y fomento de la creaci\u00f3n acad\u00e9mica1. Esto, con miras a aportar a la discusi\u00f3n nacional e internacional, sobre la definici\u00f3n de sistemas de medici\u00f3n capaces de...","protected":false},"author":4,"featured_media":0,"parent":0,"menu_order":0,"comment_status":"closed","ping_status":"closed","template":"","meta":{"footnotes":""},"class_list":["post-5299","page","type-page","status-publish","hentry"],"acf":[],"yoast_head":"<!-- This site is optimized with the Yoast SEO plugin v26.9 - https:\/\/yoast.com\/product\/yoast-seo-wordpress\/ -->\n<title>ESTUDIO RCA - NLC<\/title>\n<meta name=\"robots\" content=\"index, follow, max-snippet:-1, max-image-preview:large, max-video-preview:-1\" \/>\n<link rel=\"canonical\" href=\"https:\/\/nucleo-lc.org\/en\/estudio-rca\/\" \/>\n<meta property=\"og:locale\" content=\"en_US\" \/>\n<meta property=\"og:type\" content=\"article\" \/>\n<meta property=\"og:title\" content=\"ESTUDIO RCA - NLC\" \/>\n<meta property=\"og:url\" content=\"https:\/\/nucleo-lc.org\/en\/estudio-rca\/\" \/>\n<meta property=\"og:site_name\" content=\"NLC\" \/>\n<meta property=\"article:modified_time\" content=\"2025-01-10T19:03:26+00:00\" \/>\n<meta name=\"twitter:card\" content=\"summary_large_image\" \/>\n<meta name=\"twitter:label1\" content=\"Est. reading time\" \/>\n\t<meta name=\"twitter:data1\" content=\"2 minutes\" \/>\n<script type=\"application\/ld+json\" class=\"yoast-schema-graph\">{\"@context\":\"https:\/\/schema.org\",\"@graph\":[{\"@type\":\"WebPage\",\"@id\":\"https:\/\/nucleo-lc.org\/estudio-rca\/\",\"url\":\"https:\/\/nucleo-lc.org\/estudio-rca\/\",\"name\":\"ESTUDIO RCA - NLC\",\"isPartOf\":{\"@id\":\"https:\/\/nucleo-lc.org\/#website\"},\"datePublished\":\"2022-08-31T22:14:21+00:00\",\"dateModified\":\"2025-01-10T19:03:26+00:00\",\"breadcrumb\":{\"@id\":\"https:\/\/nucleo-lc.org\/estudio-rca\/#breadcrumb\"},\"inLanguage\":\"en-US\",\"potentialAction\":[{\"@type\":\"ReadAction\",\"target\":[\"https:\/\/nucleo-lc.org\/estudio-rca\/\"]}]},{\"@type\":\"BreadcrumbList\",\"@id\":\"https:\/\/nucleo-lc.org\/estudio-rca\/#breadcrumb\",\"itemListElement\":[{\"@type\":\"ListItem\",\"position\":1,\"name\":\"Portada\",\"item\":\"https:\/\/nucleo-lc.org\/\"},{\"@type\":\"ListItem\",\"position\":2,\"name\":\"ESTUDIO RCA\"}]},{\"@type\":\"WebSite\",\"@id\":\"https:\/\/nucleo-lc.org\/#website\",\"url\":\"https:\/\/nucleo-lc.org\/\",\"name\":\"NLC\",\"description\":\"N\u00daCLEO LENGUAJE CREACI\u00d3N\",\"potentialAction\":[{\"@type\":\"SearchAction\",\"target\":{\"@type\":\"EntryPoint\",\"urlTemplate\":\"https:\/\/nucleo-lc.org\/?s={search_term_string}\"},\"query-input\":{\"@type\":\"PropertyValueSpecification\",\"valueRequired\":true,\"valueName\":\"search_term_string\"}}],\"inLanguage\":\"en-US\"}]}<\/script>\n<!-- \/ Yoast SEO plugin. -->","yoast_head_json":{"title":"ESTUDIO RCA - NLC","robots":{"index":"index","follow":"follow","max-snippet":"max-snippet:-1","max-image-preview":"max-image-preview:large","max-video-preview":"max-video-preview:-1"},"canonical":"https:\/\/nucleo-lc.org\/en\/estudio-rca\/","og_locale":"en_US","og_type":"article","og_title":"ESTUDIO RCA - NLC","og_url":"https:\/\/nucleo-lc.org\/en\/estudio-rca\/","og_site_name":"NLC","article_modified_time":"2025-01-10T19:03:26+00:00","twitter_card":"summary_large_image","twitter_misc":{"Est. reading time":"2 minutes"},"schema":{"@context":"https:\/\/schema.org","@graph":[{"@type":"WebPage","@id":"https:\/\/nucleo-lc.org\/estudio-rca\/","url":"https:\/\/nucleo-lc.org\/estudio-rca\/","name":"ESTUDIO RCA - NLC","isPartOf":{"@id":"https:\/\/nucleo-lc.org\/#website"},"datePublished":"2022-08-31T22:14:21+00:00","dateModified":"2025-01-10T19:03:26+00:00","breadcrumb":{"@id":"https:\/\/nucleo-lc.org\/estudio-rca\/#breadcrumb"},"inLanguage":"en-US","potentialAction":[{"@type":"ReadAction","target":["https:\/\/nucleo-lc.org\/estudio-rca\/"]}]},{"@type":"BreadcrumbList","@id":"https:\/\/nucleo-lc.org\/estudio-rca\/#breadcrumb","itemListElement":[{"@type":"ListItem","position":1,"name":"Portada","item":"https:\/\/nucleo-lc.org\/"},{"@type":"ListItem","position":2,"name":"ESTUDIO RCA"}]},{"@type":"WebSite","@id":"https:\/\/nucleo-lc.org\/#website","url":"https:\/\/nucleo-lc.org\/","name":"NLC","description":"N\u00daCLEO LENGUAJE CREACI\u00d3N","potentialAction":[{"@type":"SearchAction","target":{"@type":"EntryPoint","urlTemplate":"https:\/\/nucleo-lc.org\/?s={search_term_string}"},"query-input":{"@type":"PropertyValueSpecification","valueRequired":true,"valueName":"search_term_string"}}],"inLanguage":"en-US"}]}},"_links":{"self":[{"href":"https:\/\/nucleo-lc.org\/en\/wp-json\/wp\/v2\/pages\/5299","targetHints":{"allow":["GET"]}}],"collection":[{"href":"https:\/\/nucleo-lc.org\/en\/wp-json\/wp\/v2\/pages"}],"about":[{"href":"https:\/\/nucleo-lc.org\/en\/wp-json\/wp\/v2\/types\/page"}],"author":[{"embeddable":true,"href":"https:\/\/nucleo-lc.org\/en\/wp-json\/wp\/v2\/users\/4"}],"replies":[{"embeddable":true,"href":"https:\/\/nucleo-lc.org\/en\/wp-json\/wp\/v2\/comments?post=5299"}],"version-history":[{"count":23,"href":"https:\/\/nucleo-lc.org\/en\/wp-json\/wp\/v2\/pages\/5299\/revisions"}],"predecessor-version":[{"id":6898,"href":"https:\/\/nucleo-lc.org\/en\/wp-json\/wp\/v2\/pages\/5299\/revisions\/6898"}],"wp:attachment":[{"href":"https:\/\/nucleo-lc.org\/en\/wp-json\/wp\/v2\/media?parent=5299"}],"curies":[{"name":"wp","href":"https:\/\/api.w.org\/{rel}","templated":true}]}}