{"id":6643,"date":"2024-08-03T22:17:23","date_gmt":"2024-08-03T22:17:23","guid":{"rendered":"https:\/\/nucleo-lc.org\/?page_id=6643"},"modified":"2024-12-03T18:44:18","modified_gmt":"2024-12-03T18:44:18","slug":"pasantia-doctoral-nlc","status":"publish","type":"page","link":"https:\/\/nucleo-lc.org\/en\/pasantia-doctoral-nlc\/","title":{"rendered":"PASANT\u00cdA DOCTORAL NLC"},"content":{"rendered":"<div class=\"wpb-content-wrapper\"><section class=\"l-section wpb_row us_custom_445b4a37 centrar height_medium width_full\"><div class=\"l-section-h i-cf\"><div class=\"g-cols vc_row via_flex valign_top type_default stacking_default\"><div class=\"vc_col-sm-12 wpb_column vc_column_container\"><div class=\"vc_column-inner\"><div class=\"wpb_wrapper\"><section class=\"l-section wpb_row us_custom_821ea863 centrar height_medium width_full\"><div class=\"l-section-h i-cf\"><div class=\"g-cols vc_row via_flex valign_top type_default stacking_default\"><div class=\"vc_col-sm-12 wpb_column vc_column_container\"><div class=\"vc_column-inner us_custom_6e59d6f4\"><div class=\"wpb_wrapper\"><p class=\"w-post-elm post_title us_custom_3516b961 has_text_color entry-title color_link_inherit\">PASANT\u00cdA DOCTORAL NLC<\/p><\/div><\/div><\/div><\/div><\/div><\/section>\n<\/div><\/div><\/div><\/div><\/div><\/section><section class=\"l-section wpb_row us_custom_24a3d949 centrar height_medium width_full\"><div class=\"l-section-h i-cf\"><div class=\"g-cols vc_row via_flex valign_top type_default stacking_default\"><div class=\"vc_col-sm-12 wpb_column vc_column_container\"><div class=\"vc_column-inner us_custom_6e59d6f4\"><div class=\"wpb_wrapper\"><div class=\"w-separator size_medium\"><\/div><\/div><\/div><\/div><\/div><\/div><\/section><section class=\"l-section wpb_row us_custom_24a3d949 centrar height_medium width_full\"><div class=\"l-section-h i-cf\"><div class=\"g-cols vc_row via_flex valign_top type_default stacking_default\"><div class=\"vc_col-sm-8 wpb_column vc_column_container\"><div class=\"vc_column-inner\"><div class=\"wpb_wrapper\"><div class=\"wpb_text_column us_custom_f15892bd\"><div class=\"wpb_wrapper\"><p>El programa de pasant\u00edas doctorales del N\u00facleo, busca articular y generar actividades de creaci\u00f3n que formen parte de investigaciones doctorales en las disciplinas del dise\u00f1o.<\/p>\n<\/div><\/div><\/div><\/div><\/div><div class=\"vc_col-sm-2 wpb_column vc_column_container\"><div class=\"vc_column-inner\"><div class=\"wpb_wrapper\"><\/div><\/div><\/div><\/div><\/div><\/section><section class=\"l-section wpb_row us_custom_24a3d949 centrar height_medium width_full\"><div class=\"l-section-h i-cf\"><div class=\"g-cols vc_row via_flex valign_top type_default stacking_default\"><div class=\"vc_col-sm-12 wpb_column vc_column_container\"><div class=\"vc_column-inner us_custom_6e59d6f4\"><div class=\"wpb_wrapper\"><div class=\"w-separator size_medium\"><\/div><\/div><\/div><\/div><\/div><\/div><\/section><section class=\"l-section wpb_row us_custom_5aa180d2 height_medium width_full\"><div class=\"l-section-h i-cf\"><div class=\"g-cols vc_row via_flex valign_top type_default stacking_default\"><div class=\"vc_col-sm-12 wpb_column vc_column_container\"><div class=\"vc_column-inner\"><div class=\"wpb_wrapper\"><div class=\"w-grid type_carousel layout_261 ratio_custom\" id=\"us_grid_1\"><style>.layout_261 .w-grid-item-h:before{padding-bottom:57.1429%}.layout_261 .w-grid-item-h{}.layout_261 .usg_post_image_1{width:100%!important;height:100%!important;max-width:100%!important;max-height:100%!important;min-width:100%!important;min-height:100%!important;position:absolute!important}<\/style><div class=\"w-grid-list owl-carousel navstyle_block navpos_inside\" style=\"--arrows-size:1.3rem;\">\t<article class=\"w-grid-item post-6650 attachment type-attachment status-inherit hentry\" data-id=\"6650\">\r\n\t\t<div class=\"w-grid-item-h\">\r\n\t\t\t\t\t\t<div class=\"w-post-elm post_image usg_post_image_1 has_width has_height stretched\"><a href=\"https:\/\/nucleo-lc.org\/wp-content\/uploads\/2024\/08\/IMG_3628_SxW.jpg\" ref=\"magnificPopup\" aria-label=\"IMG_3628_SxW\"><img loading=\"lazy\" decoding=\"async\" width=\"1200\" height=\"800\" src=\"https:\/\/nucleo-lc.org\/wp-content\/uploads\/2024\/08\/IMG_3628_SxW.jpg\" class=\"attachment- size-\" alt=\"\" srcset=\"https:\/\/nucleo-lc.org\/wp-content\/uploads\/2024\/08\/IMG_3628_SxW.jpg 1200w, https:\/\/nucleo-lc.org\/wp-content\/uploads\/2024\/08\/IMG_3628_SxW-300x200.jpg 300w, https:\/\/nucleo-lc.org\/wp-content\/uploads\/2024\/08\/IMG_3628_SxW-1024x683.jpg 1024w, https:\/\/nucleo-lc.org\/wp-content\/uploads\/2024\/08\/IMG_3628_SxW-120x80.jpg 120w, https:\/\/nucleo-lc.org\/wp-content\/uploads\/2024\/08\/IMG_3628_SxW-180x120.jpg 180w\" sizes=\"auto, (max-width: 1200px) 100vw, 1200px\" \/><\/a><\/div>\t\t<\/div>\r\n\t<\/article>\r\n\t<article class=\"w-grid-item post-6645 attachment type-attachment status-inherit hentry\" data-id=\"6645\">\r\n\t\t<div class=\"w-grid-item-h\">\r\n\t\t\t\t\t\t<div class=\"w-post-elm post_image usg_post_image_1 has_width has_height stretched\"><a href=\"https:\/\/nucleo-lc.org\/wp-content\/uploads\/2024\/08\/611A1387_SxW.jpg\" ref=\"magnificPopup\" aria-label=\"611A1387_SxW\"><img loading=\"lazy\" decoding=\"async\" width=\"1200\" height=\"800\" src=\"https:\/\/nucleo-lc.org\/wp-content\/uploads\/2024\/08\/611A1387_SxW.jpg\" class=\"attachment- size-\" alt=\"\" srcset=\"https:\/\/nucleo-lc.org\/wp-content\/uploads\/2024\/08\/611A1387_SxW.jpg 1200w, https:\/\/nucleo-lc.org\/wp-content\/uploads\/2024\/08\/611A1387_SxW-300x200.jpg 300w, https:\/\/nucleo-lc.org\/wp-content\/uploads\/2024\/08\/611A1387_SxW-1024x683.jpg 1024w, https:\/\/nucleo-lc.org\/wp-content\/uploads\/2024\/08\/611A1387_SxW-120x80.jpg 120w, https:\/\/nucleo-lc.org\/wp-content\/uploads\/2024\/08\/611A1387_SxW-180x120.jpg 180w\" sizes=\"auto, (max-width: 1200px) 100vw, 1200px\" \/><\/a><\/div>\t\t<\/div>\r\n\t<\/article>\r\n\t<article class=\"w-grid-item post-6653 attachment type-attachment status-inherit hentry\" data-id=\"6653\">\r\n\t\t<div class=\"w-grid-item-h\">\r\n\t\t\t\t\t\t<div class=\"w-post-elm post_image usg_post_image_1 has_width has_height stretched\"><a href=\"https:\/\/nucleo-lc.org\/wp-content\/uploads\/2024\/08\/img_7120-scaled_SxW.jpg\" ref=\"magnificPopup\" aria-label=\"img_7120-scaled_SxW\"><img loading=\"lazy\" decoding=\"async\" width=\"1800\" height=\"1200\" src=\"https:\/\/nucleo-lc.org\/wp-content\/uploads\/2024\/08\/img_7120-scaled_SxW.jpg\" class=\"attachment- size-\" alt=\"\" srcset=\"https:\/\/nucleo-lc.org\/wp-content\/uploads\/2024\/08\/img_7120-scaled_SxW.jpg 1800w, https:\/\/nucleo-lc.org\/wp-content\/uploads\/2024\/08\/img_7120-scaled_SxW-300x200.jpg 300w, https:\/\/nucleo-lc.org\/wp-content\/uploads\/2024\/08\/img_7120-scaled_SxW-1024x683.jpg 1024w, https:\/\/nucleo-lc.org\/wp-content\/uploads\/2024\/08\/img_7120-scaled_SxW-120x80.jpg 120w, https:\/\/nucleo-lc.org\/wp-content\/uploads\/2024\/08\/img_7120-scaled_SxW-180x120.jpg 180w\" sizes=\"auto, (max-width: 1800px) 100vw, 1800px\" \/><\/a><\/div>\t\t<\/div>\r\n\t<\/article>\r\n\t<article class=\"w-grid-item post-6648 attachment type-attachment status-inherit hentry\" data-id=\"6648\">\r\n\t\t<div class=\"w-grid-item-h\">\r\n\t\t\t\t\t\t<div class=\"w-post-elm post_image usg_post_image_1 has_width has_height stretched\"><a href=\"https:\/\/nucleo-lc.org\/wp-content\/uploads\/2024\/08\/FPS01422_SxW.jpg\" ref=\"magnificPopup\" aria-label=\"FPS01422_SxW\"><img loading=\"lazy\" decoding=\"async\" width=\"1200\" height=\"800\" src=\"https:\/\/nucleo-lc.org\/wp-content\/uploads\/2024\/08\/FPS01422_SxW.jpg\" class=\"attachment- size-\" alt=\"\" srcset=\"https:\/\/nucleo-lc.org\/wp-content\/uploads\/2024\/08\/FPS01422_SxW.jpg 1200w, https:\/\/nucleo-lc.org\/wp-content\/uploads\/2024\/08\/FPS01422_SxW-300x200.jpg 300w, https:\/\/nucleo-lc.org\/wp-content\/uploads\/2024\/08\/FPS01422_SxW-1024x683.jpg 1024w, https:\/\/nucleo-lc.org\/wp-content\/uploads\/2024\/08\/FPS01422_SxW-120x80.jpg 120w, https:\/\/nucleo-lc.org\/wp-content\/uploads\/2024\/08\/FPS01422_SxW-180x120.jpg 180w\" sizes=\"auto, (max-width: 1200px) 100vw, 1200px\" \/><\/a><\/div>\t\t<\/div>\r\n\t<\/article>\r\n\t<article class=\"w-grid-item post-6649 attachment type-attachment status-inherit hentry\" data-id=\"6649\">\r\n\t\t<div class=\"w-grid-item-h\">\r\n\t\t\t\t\t\t<div class=\"w-post-elm post_image usg_post_image_1 has_width has_height stretched\"><a href=\"https:\/\/nucleo-lc.org\/wp-content\/uploads\/2024\/08\/IMG_3621_SxW.jpg\" ref=\"magnificPopup\" aria-label=\"IMG_3621_SxW\"><img loading=\"lazy\" decoding=\"async\" width=\"1200\" height=\"800\" src=\"https:\/\/nucleo-lc.org\/wp-content\/uploads\/2024\/08\/IMG_3621_SxW.jpg\" class=\"attachment- size-\" alt=\"\" srcset=\"https:\/\/nucleo-lc.org\/wp-content\/uploads\/2024\/08\/IMG_3621_SxW.jpg 1200w, https:\/\/nucleo-lc.org\/wp-content\/uploads\/2024\/08\/IMG_3621_SxW-300x200.jpg 300w, https:\/\/nucleo-lc.org\/wp-content\/uploads\/2024\/08\/IMG_3621_SxW-1024x683.jpg 1024w, https:\/\/nucleo-lc.org\/wp-content\/uploads\/2024\/08\/IMG_3621_SxW-120x80.jpg 120w, https:\/\/nucleo-lc.org\/wp-content\/uploads\/2024\/08\/IMG_3621_SxW-180x120.jpg 180w\" sizes=\"auto, (max-width: 1200px) 100vw, 1200px\" \/><\/a><\/div>\t\t<\/div>\r\n\t<\/article>\r\n\t<article class=\"w-grid-item post-6646 attachment type-attachment status-inherit hentry\" data-id=\"6646\">\r\n\t\t<div class=\"w-grid-item-h\">\r\n\t\t\t\t\t\t<div class=\"w-post-elm post_image usg_post_image_1 has_width has_height stretched\"><a href=\"https:\/\/nucleo-lc.org\/wp-content\/uploads\/2024\/08\/611A1393_SxW.jpg\" ref=\"magnificPopup\" aria-label=\"611A1393_SxW\"><img loading=\"lazy\" decoding=\"async\" width=\"1200\" height=\"800\" src=\"https:\/\/nucleo-lc.org\/wp-content\/uploads\/2024\/08\/611A1393_SxW.jpg\" class=\"attachment- size-\" alt=\"\" srcset=\"https:\/\/nucleo-lc.org\/wp-content\/uploads\/2024\/08\/611A1393_SxW.jpg 1200w, https:\/\/nucleo-lc.org\/wp-content\/uploads\/2024\/08\/611A1393_SxW-300x200.jpg 300w, https:\/\/nucleo-lc.org\/wp-content\/uploads\/2024\/08\/611A1393_SxW-1024x683.jpg 1024w, https:\/\/nucleo-lc.org\/wp-content\/uploads\/2024\/08\/611A1393_SxW-120x80.jpg 120w, https:\/\/nucleo-lc.org\/wp-content\/uploads\/2024\/08\/611A1393_SxW-180x120.jpg 180w\" sizes=\"auto, (max-width: 1200px) 100vw, 1200px\" \/><\/a><\/div>\t\t<\/div>\r\n\t<\/article>\r\n\t<article class=\"w-grid-item post-6647 attachment type-attachment status-inherit hentry\" data-id=\"6647\">\r\n\t\t<div class=\"w-grid-item-h\">\r\n\t\t\t\t\t\t<div class=\"w-post-elm post_image usg_post_image_1 has_width has_height stretched\"><a href=\"https:\/\/nucleo-lc.org\/wp-content\/uploads\/2024\/08\/611A5433_SxW.jpg\" ref=\"magnificPopup\" aria-label=\"611A5433_SxW\"><img loading=\"lazy\" decoding=\"async\" width=\"1200\" height=\"800\" src=\"https:\/\/nucleo-lc.org\/wp-content\/uploads\/2024\/08\/611A5433_SxW.jpg\" class=\"attachment- size-\" alt=\"\" srcset=\"https:\/\/nucleo-lc.org\/wp-content\/uploads\/2024\/08\/611A5433_SxW.jpg 1200w, https:\/\/nucleo-lc.org\/wp-content\/uploads\/2024\/08\/611A5433_SxW-300x200.jpg 300w, https:\/\/nucleo-lc.org\/wp-content\/uploads\/2024\/08\/611A5433_SxW-1024x683.jpg 1024w, https:\/\/nucleo-lc.org\/wp-content\/uploads\/2024\/08\/611A5433_SxW-120x80.jpg 120w, https:\/\/nucleo-lc.org\/wp-content\/uploads\/2024\/08\/611A5433_SxW-180x120.jpg 180w\" sizes=\"auto, (max-width: 1200px) 100vw, 1200px\" \/><\/a><\/div>\t\t<\/div>\r\n\t<\/article>\r\n<\/div><div class=\"g-preloader type_1\">\r\n\t<div><\/div>\r\n<\/div>\r\n\t<div class=\"w-grid-json hidden\" onclick='return {&quot;action&quot;:&quot;us_ajax_grid&quot;,&quot;ajax_url&quot;:&quot;https:\\\/\\\/nucleo-lc.org\\\/wp-admin\\\/admin-ajax.php&quot;,&quot;infinite_scroll&quot;:0,&quot;max_num_pages&quot;:1,&quot;pagination&quot;:&quot;none&quot;,&quot;permalink_url&quot;:&quot;https:\\\/\\\/nucleo-lc.org\\\/en\\\/wp-json\\\/wp\\\/v2\\\/pages\\\/6643&quot;,&quot;template_vars&quot;:{&quot;columns&quot;:&quot;1&quot;,&quot;exclude_items&quot;:&quot;none&quot;,&quot;img_size&quot;:&quot;default&quot;,&quot;ignore_items_size&quot;:false,&quot;items_layout&quot;:&quot;261&quot;,&quot;items_offset&quot;:&quot;1&quot;,&quot;load_animation&quot;:&quot;none&quot;,&quot;overriding_link&quot;:&quot;none&quot;,&quot;post_id&quot;:6643,&quot;query_args&quot;:{&quot;post_type&quot;:[&quot;attachment&quot;],&quot;post__in&quot;:[&quot;6650&quot;,&quot;6645&quot;,&quot;6653&quot;,&quot;6648&quot;,&quot;6649&quot;,&quot;6646&quot;,&quot;6647&quot;],&quot;post_status&quot;:&quot;inherit&quot;,&quot;post_mime_type&quot;:&quot;image&quot;,&quot;posts_per_page&quot;:&quot;7&quot;},&quot;orderby_query_args&quot;:{&quot;orderby&quot;:{&quot;post__in&quot;:&quot;ASC&quot;},&quot;order&quot;:&quot;ASC&quot;},&quot;type&quot;:&quot;carousel&quot;,&quot;us_grid_ajax_index&quot;:1,&quot;us_grid_filter_params&quot;:null,&quot;us_grid_index&quot;:1,&quot;_us_grid_post_type&quot;:&quot;attachment&quot;},&quot;carousel_settings&quot;:{&quot;autoHeight&quot;:0,&quot;autoplay&quot;:1,&quot;carousel_fade&quot;:0,&quot;center&quot;:0,&quot;dots&quot;:0,&quot;items&quot;:&quot;1&quot;,&quot;loop&quot;:true,&quot;nav&quot;:1,&quot;slideby&quot;:&quot;1&quot;,&quot;smooth_play&quot;:0,&quot;speed&quot;:250,&quot;timeout&quot;:5000,&quot;transition&quot;:&quot;&quot;},&quot;carousel_breakpoints&quot;:{&quot;0&quot;:{&quot;autoHeight&quot;:0,&quot;autoplay&quot;:1,&quot;autoplayHoverPause&quot;:1,&quot;items&quot;:1,&quot;loop&quot;:true,&quot;stagePadding&quot;:0},&quot;600&quot;:{&quot;autoHeight&quot;:0,&quot;autoplay&quot;:1,&quot;autoplayHoverPause&quot;:1,&quot;items&quot;:&quot;1&quot;,&quot;loop&quot;:true,&quot;stagePadding&quot;:0},&quot;900&quot;:{&quot;autoHeight&quot;:0,&quot;autoplay&quot;:1,&quot;autoplayHoverPause&quot;:1,&quot;items&quot;:&quot;1&quot;,&quot;loop&quot;:true,&quot;stagePadding&quot;:0},&quot;1200&quot;:{&quot;items&quot;:1,&quot;stagePadding&quot;:0}}}'><\/div>\r\n\t<\/div><div class=\"w-separator size_medium\"><\/div><\/div><\/div><\/div><\/div><\/div><\/section><section class=\"l-section wpb_row us_custom_86b0c89d height_medium width_full\"><div class=\"l-section-h i-cf\"><div class=\"g-cols vc_row via_flex valign_top type_default stacking_default\"><div class=\"vc_col-sm-6 wpb_column vc_column_container\"><div class=\"vc_column-inner us_custom_4916a5e1\"><div class=\"wpb_wrapper\"><div class=\"wpb_text_column us_custom_1e0e9307 textopublicacion\"><div class=\"wpb_wrapper\"><p>En su b\u00fasqueda por vincular investigaci\u00f3n y creaci\u00f3n acad\u00e9mica, el N\u00facleo Lenguaje y Creaci\u00f3n dio inicio a su programa de pasant\u00edas doctorales el a\u00f1o 2022. El programa est\u00e1 dirigido a estudiantes y candidatos al grado de Doctor, en Universidades extranjeras, cuyas investigaciones integren procesos y\/o resultados de creaci\u00f3n como parte de su metodolog\u00eda.<\/p>\n<p>Durante la pasant\u00eda, los participantes del programa sostienen sesiones peri\u00f3dicas de presentaci\u00f3n y discusi\u00f3n con investigadores de la Facultad, desarrollan trabajo de campo, y comparten su investigaci\u00f3n con la comunidad universitaria a trav\u00e9s de una presentaci\u00f3n p\u00fablica.<\/p>\n<p>Esta presentaci\u00f3n es desarrollada con el apoyo del N\u00facleo, y tiene como objetivo potenciar y visibilizar los \u00e1mbitos de creaci\u00f3n acad\u00e9mica presentes en la investigaci\u00f3n doctoral. De esta forma, las presentaciones generadas a la fecha han tenido el formato de seminarios, instalaciones y charlas-performance, las que han sido desarrolladas en el Centro Cultural de Espa\u00f1a, y en el Galp\u00f3n de la Facultad de Arquitectura, Animaci\u00f3n, Dise\u00f1o y Construcci\u00f3n en el barrio Franklin.<\/p>\n<p>La relevancia del programa radica en la integraci\u00f3n de creaci\u00f3n acad\u00e9mica e investigaci\u00f3n a nivel de posgrado en nuestra Universidad, el intercambio con instituciones extranjeras \u2013ETSAM y Goldsmisths\u2013, y la generaci\u00f3n de actividades de vinculaci\u00f3n con el medio y de internacionalizaci\u00f3n, desde la investigaci\u00f3n.<\/p>\n<\/div><\/div><\/div><\/div><\/div><div class=\"vc_col-sm-6 wpb_column vc_column_container\"><div class=\"vc_column-inner us_custom_7b996bff\"><div class=\"wpb_wrapper\"><div class=\"wpb_text_column us_custom_2f637291 has_text_color\"><div class=\"wpb_wrapper\"><p>2024<br \/>\n\u2014Linda Schilling<br \/>\n<a href=\"https:\/\/nucleo-lc.org\/en\/2024\/04\/30\/landscape-ledgers-rehearsing-environmental-publics\/\" target=\"_blank\" rel=\"noopener\">LANDSCAPE LEDGERS: REHEARSING ENVIRONMENTAL PUBLICS<\/a><br \/>\nEstudiante de Doctorado. Centre For Research Architecture. Department of Visual Cultures. Goldsmiths, University of London.<\/p>\n<p>2023<br \/>\n\u2014Diego Morera<br \/>\n<a href=\"https:\/\/nucleo-lc.org\/en\/2023\/12\/06\/en-este-espacio-hay-menos-tiempo-diego-morera\/\" target=\"_blank\" rel=\"noopener\">EN ESTE ESPACIO HAY MENOS TIEMPO<\/a><br \/>\nEstudiante de Doctorado en Comunicaci\u00f3n Arquitect\u00f3nica. Departamento de Ideaci\u00f3n Arquitect\u00f3nica. Escuela T\u00e9cnica Superior de Arquitectura. Universidad Polit\u00e9cnica de Madrid.<\/p>\n<p>2022<br \/>\n\u2014Jose Luis Ab\u00e1solo<br \/>\n<a href=\"https:\/\/nucleo-lc.org\/en\/arquitectura-y-etnografia\/\" target=\"_blank\" rel=\"noopener\">SEMINARIO ARQUITECTURA Y ETNOGRAF\u00cdA<\/a><br \/>\nCandidato a Doctor en Arquitectura. Departamento de Proyectos Arquitect\u00f3nicos. Escuela T\u00e9cnica Superior de Arquitectura. Universidad Polit\u00e9cnica de Madrid.<\/p>\n<p>Comit\u00e9 Acad\u00e9mico Pasant\u00eda NLC<br \/>\n\u2014Francisco Vergara, Phd in Development and Planning. The Bartlett Development Planning Unit.UCL (2022-24)<br \/>\n\u2014Ricardo Greene, PhD in Anthropology. Goldsmiths, University of London. (2023)<\/p>\n<\/div><\/div><div class=\"w-separator size_small\"><\/div><\/div><\/div><\/div><\/div><\/div><\/section>\n<\/div>","protected":false},"excerpt":{"rendered":"","protected":false},"author":4,"featured_media":0,"parent":0,"menu_order":0,"comment_status":"closed","ping_status":"closed","template":"","meta":{"footnotes":""},"class_list":["post-6643","page","type-page","status-publish","hentry"],"acf":[],"yoast_head":"<!-- This site is optimized with the Yoast SEO plugin v26.9 - https:\/\/yoast.com\/product\/yoast-seo-wordpress\/ -->\n<title>PASANT\u00cdA DOCTORAL NLC - NLC<\/title>\n<meta name=\"robots\" content=\"index, follow, max-snippet:-1, max-image-preview:large, max-video-preview:-1\" \/>\n<link rel=\"canonical\" href=\"https:\/\/nucleo-lc.org\/en\/pasantia-doctoral-nlc\/\" \/>\n<meta property=\"og:locale\" content=\"en_US\" \/>\n<meta property=\"og:type\" content=\"article\" \/>\n<meta property=\"og:title\" content=\"PASANT\u00cdA DOCTORAL NLC - NLC\" \/>\n<meta property=\"og:url\" content=\"https:\/\/nucleo-lc.org\/en\/pasantia-doctoral-nlc\/\" \/>\n<meta property=\"og:site_name\" content=\"NLC\" \/>\n<meta property=\"article:modified_time\" content=\"2024-12-03T18:44:18+00:00\" \/>\n<meta name=\"twitter:card\" content=\"summary_large_image\" \/>\n<meta name=\"twitter:label1\" content=\"Est. reading time\" \/>\n\t<meta name=\"twitter:data1\" content=\"4 minutes\" \/>\n<script type=\"application\/ld+json\" class=\"yoast-schema-graph\">{\"@context\":\"https:\/\/schema.org\",\"@graph\":[{\"@type\":\"WebPage\",\"@id\":\"https:\/\/nucleo-lc.org\/pasantia-doctoral-nlc\/\",\"url\":\"https:\/\/nucleo-lc.org\/pasantia-doctoral-nlc\/\",\"name\":\"PASANT\u00cdA DOCTORAL NLC - NLC\",\"isPartOf\":{\"@id\":\"https:\/\/nucleo-lc.org\/#website\"},\"datePublished\":\"2024-08-03T22:17:23+00:00\",\"dateModified\":\"2024-12-03T18:44:18+00:00\",\"breadcrumb\":{\"@id\":\"https:\/\/nucleo-lc.org\/pasantia-doctoral-nlc\/#breadcrumb\"},\"inLanguage\":\"en-US\",\"potentialAction\":[{\"@type\":\"ReadAction\",\"target\":[\"https:\/\/nucleo-lc.org\/pasantia-doctoral-nlc\/\"]}]},{\"@type\":\"BreadcrumbList\",\"@id\":\"https:\/\/nucleo-lc.org\/pasantia-doctoral-nlc\/#breadcrumb\",\"itemListElement\":[{\"@type\":\"ListItem\",\"position\":1,\"name\":\"Portada\",\"item\":\"https:\/\/nucleo-lc.org\/\"},{\"@type\":\"ListItem\",\"position\":2,\"name\":\"PASANT\u00cdA DOCTORAL NLC\"}]},{\"@type\":\"WebSite\",\"@id\":\"https:\/\/nucleo-lc.org\/#website\",\"url\":\"https:\/\/nucleo-lc.org\/\",\"name\":\"NLC\",\"description\":\"N\u00daCLEO LENGUAJE CREACI\u00d3N\",\"potentialAction\":[{\"@type\":\"SearchAction\",\"target\":{\"@type\":\"EntryPoint\",\"urlTemplate\":\"https:\/\/nucleo-lc.org\/?s={search_term_string}\"},\"query-input\":{\"@type\":\"PropertyValueSpecification\",\"valueRequired\":true,\"valueName\":\"search_term_string\"}}],\"inLanguage\":\"en-US\"}]}<\/script>\n<!-- \/ Yoast SEO plugin. -->","yoast_head_json":{"title":"PASANT\u00cdA DOCTORAL NLC - NLC","robots":{"index":"index","follow":"follow","max-snippet":"max-snippet:-1","max-image-preview":"max-image-preview:large","max-video-preview":"max-video-preview:-1"},"canonical":"https:\/\/nucleo-lc.org\/en\/pasantia-doctoral-nlc\/","og_locale":"en_US","og_type":"article","og_title":"PASANT\u00cdA DOCTORAL NLC - NLC","og_url":"https:\/\/nucleo-lc.org\/en\/pasantia-doctoral-nlc\/","og_site_name":"NLC","article_modified_time":"2024-12-03T18:44:18+00:00","twitter_card":"summary_large_image","twitter_misc":{"Est. reading time":"4 minutes"},"schema":{"@context":"https:\/\/schema.org","@graph":[{"@type":"WebPage","@id":"https:\/\/nucleo-lc.org\/pasantia-doctoral-nlc\/","url":"https:\/\/nucleo-lc.org\/pasantia-doctoral-nlc\/","name":"PASANT\u00cdA DOCTORAL NLC - NLC","isPartOf":{"@id":"https:\/\/nucleo-lc.org\/#website"},"datePublished":"2024-08-03T22:17:23+00:00","dateModified":"2024-12-03T18:44:18+00:00","breadcrumb":{"@id":"https:\/\/nucleo-lc.org\/pasantia-doctoral-nlc\/#breadcrumb"},"inLanguage":"en-US","potentialAction":[{"@type":"ReadAction","target":["https:\/\/nucleo-lc.org\/pasantia-doctoral-nlc\/"]}]},{"@type":"BreadcrumbList","@id":"https:\/\/nucleo-lc.org\/pasantia-doctoral-nlc\/#breadcrumb","itemListElement":[{"@type":"ListItem","position":1,"name":"Portada","item":"https:\/\/nucleo-lc.org\/"},{"@type":"ListItem","position":2,"name":"PASANT\u00cdA DOCTORAL NLC"}]},{"@type":"WebSite","@id":"https:\/\/nucleo-lc.org\/#website","url":"https:\/\/nucleo-lc.org\/","name":"NLC","description":"N\u00daCLEO LENGUAJE CREACI\u00d3N","potentialAction":[{"@type":"SearchAction","target":{"@type":"EntryPoint","urlTemplate":"https:\/\/nucleo-lc.org\/?s={search_term_string}"},"query-input":{"@type":"PropertyValueSpecification","valueRequired":true,"valueName":"search_term_string"}}],"inLanguage":"en-US"}]}},"_links":{"self":[{"href":"https:\/\/nucleo-lc.org\/en\/wp-json\/wp\/v2\/pages\/6643","targetHints":{"allow":["GET"]}}],"collection":[{"href":"https:\/\/nucleo-lc.org\/en\/wp-json\/wp\/v2\/pages"}],"about":[{"href":"https:\/\/nucleo-lc.org\/en\/wp-json\/wp\/v2\/types\/page"}],"author":[{"embeddable":true,"href":"https:\/\/nucleo-lc.org\/en\/wp-json\/wp\/v2\/users\/4"}],"replies":[{"embeddable":true,"href":"https:\/\/nucleo-lc.org\/en\/wp-json\/wp\/v2\/comments?post=6643"}],"version-history":[{"count":5,"href":"https:\/\/nucleo-lc.org\/en\/wp-json\/wp\/v2\/pages\/6643\/revisions"}],"predecessor-version":[{"id":6838,"href":"https:\/\/nucleo-lc.org\/en\/wp-json\/wp\/v2\/pages\/6643\/revisions\/6838"}],"wp:attachment":[{"href":"https:\/\/nucleo-lc.org\/en\/wp-json\/wp\/v2\/media?parent=6643"}],"curies":[{"name":"wp","href":"https:\/\/api.w.org\/{rel}","templated":true}]}}