{"id":819,"date":"2020-05-18T17:36:03","date_gmt":"2020-05-18T17:36:03","guid":{"rendered":"https:\/\/nucleo-lc.org\/?page_id=819"},"modified":"2023-02-02T15:48:13","modified_gmt":"2023-02-02T15:48:13","slug":"about-es","status":"publish","type":"page","link":"https:\/\/nucleo-lc.org\/en\/about-es\/","title":{"rendered":"ABOUT"},"content":{"rendered":"<div class=\"wpb-content-wrapper\"><section class=\"l-section wpb_row us_custom_445b4a37 centrar height_medium width_full\"><div class=\"l-section-h i-cf\"><div class=\"g-cols vc_row via_flex valign_top type_default stacking_default\"><div class=\"vc_col-sm-12 wpb_column vc_column_container\"><div class=\"vc_column-inner us_custom_6e59d6f4\"><div class=\"wpb_wrapper\"><\/div><\/div><\/div><\/div><\/div><\/section><section class=\"l-section wpb_row us_custom_84e9f8c1 height_medium width_full\"><div class=\"l-section-h i-cf\"><div class=\"g-cols vc_row via_flex valign_top type_default stacking_default\"><div class=\"vc_col-sm-12 wpb_column vc_column_container\"><div class=\"vc_column-inner\"><div class=\"wpb_wrapper\"><div class=\"wpb_text_column us_custom_5c85c151\"><div class=\"wpb_wrapper\"><p>El N\u00facleo Lenguaje y Creaci\u00f3n, es una unidad acad\u00e9mica de conceptualizaci\u00f3n, articulaci\u00f3n y desarrollo de proyectos de creaci\u00f3n e investigaci\u00f3n, de la Facultad de Arquitectura, Animaci\u00f3n, Dise\u00f1o y Construcci\u00f3n de la Universidad de las Am\u00e9ricas.<\/p>\n<p>Su objetivo es fomentar el desarrollo de proyectos inter- y trans- disciplinarios de creaci\u00f3n, a trav\u00e9s de la identificaci\u00f3n y exploraci\u00f3n de l\u00edneas de investigaci\u00f3n transversales a la arquitectura, el dise\u00f1o gr\u00e1fico, la animaci\u00f3n digital y la construcci\u00f3n civil.<\/p>\n<\/div><\/div><\/div><\/div><\/div><\/div><\/div><\/section><section class=\"l-section wpb_row us_custom_86b0c89d height_medium width_full\"><div class=\"l-section-h i-cf\"><div class=\"g-cols vc_row via_flex valign_top type_default stacking_default\"><div class=\"vc_col-sm-10 wpb_column vc_column_container\"><div class=\"vc_column-inner us_custom_4916a5e1\"><div class=\"wpb_wrapper\"><div class=\"w-separator size_medium\"><\/div><div class=\"wpb_text_column us_custom_1e0e9307 textopublicacion\"><div class=\"wpb_wrapper\"><h2>L\u00edneas de Investigaci\u00f3n<\/h2>\n<\/div><\/div><\/div><\/div><\/div><div class=\"vc_col-sm-2 wpb_column vc_column_container\"><div class=\"vc_column-inner\"><div class=\"wpb_wrapper\"><\/div><\/div><\/div><\/div><\/div><\/section><section class=\"l-section wpb_row us_custom_86b0c89d height_medium width_full\"><div class=\"l-section-h i-cf\"><div class=\"g-cols vc_row via_flex valign_top type_default stacking_default\"><div class=\"vc_col-sm-10 wpb_column vc_column_container\"><div class=\"vc_column-inner us_custom_4916a5e1\"><div class=\"wpb_wrapper\"><div class=\"wpb_text_column us_custom_1e0e9307 textopublicacion\"><div class=\"wpb_wrapper\"><p>El N\u00facleo opera desde el desarrollo de proyectos y experiencias acotadas, que a trav\u00e9s de m\u00faltiples medios y formatos, puedan explorar tem\u00e1ticas complejas, desde su intersecci\u00f3n con variables espaciales.<\/p>\n<p>\u2014ESPACIO, Cuerpo y Sonido<br \/>\nExplora el registro y la difusi\u00f3n del sonido como variable espacial, pol\u00edtica y sensible, con resultados de investigaci\u00f3n y creaci\u00f3n.<\/p>\n<p>\u2014ESPACIO, Tecnolog\u00eda y Naturaleza<br \/>\nCentrada en la exploraci\u00f3n de tecnolog\u00edas transversales a las carreras de la facultad, con salidas de creaci\u00f3n e innovaci\u00f3n.<\/p>\n<p>\u2014ESPACIO, Sociedad y Dise\u00f1o<br \/>\nEnfocada en el an\u00e1lisis cr\u00edtico de trayectorias modernas asociadas a la cultura material y a la epistemolog\u00eda del dise\u00f1o, con salidas de investigaci\u00f3n y creaci\u00f3n.<\/p>\n<p>\u2014ESPACIO, Dise\u00f1o y Comunicaci\u00f3n<br \/>\nExplora el desarrollo de nuevos medios y formatos audiovisuales y editoriales, con resultados de creaci\u00f3n, investigaci\u00f3n e innovaci\u00f3n.<\/p>\n<\/div><\/div><\/div><\/div><\/div><div class=\"vc_col-sm-2 wpb_column vc_column_container\"><div class=\"vc_column-inner\"><div class=\"wpb_wrapper\"><\/div><\/div><\/div><\/div><\/div><\/section><section class=\"l-section wpb_row us_custom_86b0c89d height_medium width_full\"><div class=\"l-section-h i-cf\"><div class=\"g-cols vc_row via_flex valign_top type_default stacking_default\"><div class=\"vc_col-sm-8 wpb_column vc_column_container\"><div class=\"vc_column-inner us_custom_4916a5e1\"><div class=\"wpb_wrapper\"><div class=\"w-separator size_huge\"><\/div><div class=\"wpb_text_column us_custom_5a7a5e48 has_text_color\"><div class=\"wpb_wrapper\"><p>Sitio dise\u00f1ado por <a href=\"https:\/\/gracia.io\/proyectos\" target=\"_blank\" rel=\"noopener noreferrer\">Gracia Fern\u00e1ndez<\/a>. Dise\u00f1o web y desarrollo <a href=\"https:\/\/www.facebook.com\/NOUSDiseno\/\" target=\"_blank\" rel=\"noopener noreferrer\"> Cristi\u00e1n Richardson. NOUS Dise\u00f1o<\/a><\/p>\n<p>Todos los esfuerzos han sido hechos para incluir los cr\u00e9ditos correspondientes a im\u00e1genes, textos y otros componentes de esta publicaci\u00f3n. Si encuentras alguna omisi\u00f3n, por favor cont\u00e1ctanos a trav\u00e9s de nuestro <a href=\"mailto:nucleo.udla@gmail.com\">mail de contacto<\/a>.<\/p>\n<p><img loading=\"lazy\" decoding=\"async\" class=\"alignnone wp-image-942\" src=\"https:\/\/nucleo-lc.org\/wp-content\/uploads\/2020\/05\/Captura-de-Pantalla-2020-05-19-a-las-14.36.00-300x95.png\" alt=\"\" width=\"167\" height=\"53\" srcset=\"https:\/\/nucleo-lc.org\/wp-content\/uploads\/2020\/05\/Captura-de-Pantalla-2020-05-19-a-las-14.36.00-300x95.png 300w, https:\/\/nucleo-lc.org\/wp-content\/uploads\/2020\/05\/Captura-de-Pantalla-2020-05-19-a-las-14.36.00.png 710w\" sizes=\"auto, (max-width: 167px) 100vw, 167px\" \/><\/p>\n<p>Esta obra est\u00e1 bajo una\u00a0<a href=\"http:\/\/creativecommons.org\/licenses\/by-nc-sa\/4.0\/\" rel=\"license\">Licencia Creative Commons Atribuci\u00f3n-NoComercial-CompartirIgual 4.0 Internacional<\/a>.<\/p>\n<\/div><\/div><div class=\"wpb_text_column us_custom_1e0e9307 textopublicacion\"><div class=\"wpb_wrapper\"><\/div><\/div><\/div><\/div><\/div><div class=\"vc_col-sm-4 wpb_column vc_column_container\"><div class=\"vc_column-inner us_custom_7b996bff\"><div class=\"wpb_wrapper\"><\/div><\/div><\/div><\/div><\/div><\/section>\n<\/div>","protected":false},"excerpt":{"rendered":"El N\u00facleo Lenguaje y Creaci\u00f3n, es una unidad acad\u00e9mica de conceptualizaci\u00f3n, articulaci\u00f3n y desarrollo de proyectos de creaci\u00f3n e investigaci\u00f3n, de la Facultad de Arquitectura, Animaci\u00f3n, Dise\u00f1o y Construcci\u00f3n de la Universidad de las Am\u00e9ricas. Su objetivo es fomentar el desarrollo de proyectos inter- y trans- disciplinarios de creaci\u00f3n, a trav\u00e9s de la identificaci\u00f3n y...","protected":false},"author":4,"featured_media":0,"parent":0,"menu_order":0,"comment_status":"closed","ping_status":"closed","template":"","meta":{"footnotes":""},"class_list":["post-819","page","type-page","status-publish","hentry"],"acf":[],"yoast_head":"<!-- This site is optimized with the Yoast SEO plugin v26.9 - https:\/\/yoast.com\/product\/yoast-seo-wordpress\/ -->\n<title>ABOUT - NLC<\/title>\n<meta name=\"robots\" content=\"index, follow, max-snippet:-1, max-image-preview:large, max-video-preview:-1\" \/>\n<link rel=\"canonical\" href=\"https:\/\/nucleo-lc.org\/en\/about-es\/\" \/>\n<meta property=\"og:locale\" content=\"en_US\" \/>\n<meta property=\"og:type\" content=\"article\" \/>\n<meta property=\"og:title\" content=\"ABOUT - NLC\" \/>\n<meta property=\"og:url\" content=\"https:\/\/nucleo-lc.org\/en\/about-es\/\" \/>\n<meta property=\"og:site_name\" content=\"NLC\" \/>\n<meta property=\"article:modified_time\" content=\"2023-02-02T15:48:13+00:00\" \/>\n<meta property=\"og:image\" content=\"https:\/\/nucleo-lc.org\/wp-content\/uploads\/2020\/05\/Captura-de-Pantalla-2020-05-19-a-las-14.36.00-300x95.png\" \/>\n<meta name=\"twitter:card\" content=\"summary_large_image\" \/>\n<meta name=\"twitter:label1\" content=\"Est. reading time\" \/>\n\t<meta name=\"twitter:data1\" content=\"2 minutes\" \/>\n<script type=\"application\/ld+json\" class=\"yoast-schema-graph\">{\"@context\":\"https:\/\/schema.org\",\"@graph\":[{\"@type\":\"WebPage\",\"@id\":\"https:\/\/nucleo-lc.org\/about-es\/\",\"url\":\"https:\/\/nucleo-lc.org\/about-es\/\",\"name\":\"ABOUT - NLC\",\"isPartOf\":{\"@id\":\"https:\/\/nucleo-lc.org\/#website\"},\"primaryImageOfPage\":{\"@id\":\"https:\/\/nucleo-lc.org\/about-es\/#primaryimage\"},\"image\":{\"@id\":\"https:\/\/nucleo-lc.org\/about-es\/#primaryimage\"},\"thumbnailUrl\":\"https:\/\/nucleo-lc.org\/wp-content\/uploads\/2020\/05\/Captura-de-Pantalla-2020-05-19-a-las-14.36.00-300x95.png\",\"datePublished\":\"2020-05-18T17:36:03+00:00\",\"dateModified\":\"2023-02-02T15:48:13+00:00\",\"breadcrumb\":{\"@id\":\"https:\/\/nucleo-lc.org\/about-es\/#breadcrumb\"},\"inLanguage\":\"en-US\",\"potentialAction\":[{\"@type\":\"ReadAction\",\"target\":[\"https:\/\/nucleo-lc.org\/about-es\/\"]}]},{\"@type\":\"ImageObject\",\"inLanguage\":\"en-US\",\"@id\":\"https:\/\/nucleo-lc.org\/about-es\/#primaryimage\",\"url\":\"https:\/\/nucleo-lc.org\/wp-content\/uploads\/2020\/05\/Captura-de-Pantalla-2020-05-19-a-las-14.36.00-300x95.png\",\"contentUrl\":\"https:\/\/nucleo-lc.org\/wp-content\/uploads\/2020\/05\/Captura-de-Pantalla-2020-05-19-a-las-14.36.00-300x95.png\"},{\"@type\":\"BreadcrumbList\",\"@id\":\"https:\/\/nucleo-lc.org\/about-es\/#breadcrumb\",\"itemListElement\":[{\"@type\":\"ListItem\",\"position\":1,\"name\":\"Portada\",\"item\":\"https:\/\/nucleo-lc.org\/\"},{\"@type\":\"ListItem\",\"position\":2,\"name\":\"ABOUT\"}]},{\"@type\":\"WebSite\",\"@id\":\"https:\/\/nucleo-lc.org\/#website\",\"url\":\"https:\/\/nucleo-lc.org\/\",\"name\":\"NLC\",\"description\":\"N\u00daCLEO LENGUAJE CREACI\u00d3N\",\"potentialAction\":[{\"@type\":\"SearchAction\",\"target\":{\"@type\":\"EntryPoint\",\"urlTemplate\":\"https:\/\/nucleo-lc.org\/?s={search_term_string}\"},\"query-input\":{\"@type\":\"PropertyValueSpecification\",\"valueRequired\":true,\"valueName\":\"search_term_string\"}}],\"inLanguage\":\"en-US\"}]}<\/script>\n<!-- \/ Yoast SEO plugin. -->","yoast_head_json":{"title":"ABOUT - NLC","robots":{"index":"index","follow":"follow","max-snippet":"max-snippet:-1","max-image-preview":"max-image-preview:large","max-video-preview":"max-video-preview:-1"},"canonical":"https:\/\/nucleo-lc.org\/en\/about-es\/","og_locale":"en_US","og_type":"article","og_title":"ABOUT - NLC","og_url":"https:\/\/nucleo-lc.org\/en\/about-es\/","og_site_name":"NLC","article_modified_time":"2023-02-02T15:48:13+00:00","og_image":[{"url":"https:\/\/nucleo-lc.org\/wp-content\/uploads\/2020\/05\/Captura-de-Pantalla-2020-05-19-a-las-14.36.00-300x95.png","type":"","width":"","height":""}],"twitter_card":"summary_large_image","twitter_misc":{"Est. reading time":"2 minutes"},"schema":{"@context":"https:\/\/schema.org","@graph":[{"@type":"WebPage","@id":"https:\/\/nucleo-lc.org\/about-es\/","url":"https:\/\/nucleo-lc.org\/about-es\/","name":"ABOUT - NLC","isPartOf":{"@id":"https:\/\/nucleo-lc.org\/#website"},"primaryImageOfPage":{"@id":"https:\/\/nucleo-lc.org\/about-es\/#primaryimage"},"image":{"@id":"https:\/\/nucleo-lc.org\/about-es\/#primaryimage"},"thumbnailUrl":"https:\/\/nucleo-lc.org\/wp-content\/uploads\/2020\/05\/Captura-de-Pantalla-2020-05-19-a-las-14.36.00-300x95.png","datePublished":"2020-05-18T17:36:03+00:00","dateModified":"2023-02-02T15:48:13+00:00","breadcrumb":{"@id":"https:\/\/nucleo-lc.org\/about-es\/#breadcrumb"},"inLanguage":"en-US","potentialAction":[{"@type":"ReadAction","target":["https:\/\/nucleo-lc.org\/about-es\/"]}]},{"@type":"ImageObject","inLanguage":"en-US","@id":"https:\/\/nucleo-lc.org\/about-es\/#primaryimage","url":"https:\/\/nucleo-lc.org\/wp-content\/uploads\/2020\/05\/Captura-de-Pantalla-2020-05-19-a-las-14.36.00-300x95.png","contentUrl":"https:\/\/nucleo-lc.org\/wp-content\/uploads\/2020\/05\/Captura-de-Pantalla-2020-05-19-a-las-14.36.00-300x95.png"},{"@type":"BreadcrumbList","@id":"https:\/\/nucleo-lc.org\/about-es\/#breadcrumb","itemListElement":[{"@type":"ListItem","position":1,"name":"Portada","item":"https:\/\/nucleo-lc.org\/"},{"@type":"ListItem","position":2,"name":"ABOUT"}]},{"@type":"WebSite","@id":"https:\/\/nucleo-lc.org\/#website","url":"https:\/\/nucleo-lc.org\/","name":"NLC","description":"N\u00daCLEO LENGUAJE CREACI\u00d3N","potentialAction":[{"@type":"SearchAction","target":{"@type":"EntryPoint","urlTemplate":"https:\/\/nucleo-lc.org\/?s={search_term_string}"},"query-input":{"@type":"PropertyValueSpecification","valueRequired":true,"valueName":"search_term_string"}}],"inLanguage":"en-US"}]}},"_links":{"self":[{"href":"https:\/\/nucleo-lc.org\/en\/wp-json\/wp\/v2\/pages\/819","targetHints":{"allow":["GET"]}}],"collection":[{"href":"https:\/\/nucleo-lc.org\/en\/wp-json\/wp\/v2\/pages"}],"about":[{"href":"https:\/\/nucleo-lc.org\/en\/wp-json\/wp\/v2\/types\/page"}],"author":[{"embeddable":true,"href":"https:\/\/nucleo-lc.org\/en\/wp-json\/wp\/v2\/users\/4"}],"replies":[{"embeddable":true,"href":"https:\/\/nucleo-lc.org\/en\/wp-json\/wp\/v2\/comments?post=819"}],"version-history":[{"count":87,"href":"https:\/\/nucleo-lc.org\/en\/wp-json\/wp\/v2\/pages\/819\/revisions"}],"predecessor-version":[{"id":5744,"href":"https:\/\/nucleo-lc.org\/en\/wp-json\/wp\/v2\/pages\/819\/revisions\/5744"}],"wp:attachment":[{"href":"https:\/\/nucleo-lc.org\/en\/wp-json\/wp\/v2\/media?parent=819"}],"curies":[{"name":"wp","href":"https:\/\/api.w.org\/{rel}","templated":true}]}}